{"id":30173,"date":"2026-04-19T00:45:42","date_gmt":"2026-04-18T21:45:42","guid":{"rendered":"https:\/\/ventspils.citro.lv\/veikals\/platsmaize-abolu\/"},"modified":"2026-04-19T00:45:47","modified_gmt":"2026-04-18T21:45:47","slug":"platsmaize-abolu-citro-sv","status":"publish","type":"product","link":"https:\/\/ventspils.citro.lv\/ru\/veikals\/platsmaize-abolu-citro-sv\/","title":{"rendered":"Pl\u0101tsmaize \u0101bolu Citro sv."},"content":{"rendered":"<p>Sast\u0101vda\u013cas: rauga m\u012bkla (KVIE\u0160U milti, \u016bdens, augu e\u013c\u013ca, cukurs, raugs pres\u0113tais, p\u0101rtikas s\u0101ls), \u0101boli, KR\u0112JUMS sk\u0101bais (pasteriz\u0113ts KR\u0112JUMS , piensk\u0101bo bakt\u0113riju t\u012brkult\u016bra), cukurs, OLAS, kaltkr\u0113ms (cukurs, modific\u0113ta ciete: E1414, s\u016bkalu pulveris, palmu e\u013c\u013ca, biezin\u0101t\u0101js: E401, aromatiz\u0113t\u0101js, kr\u0101svielas: E160a, E101, s\u0101ls, piena olbaltumvielas), kan\u0113lis. 100 g produkta satur : ener\u0123\u0113tisk\u0101 v\u0113rt\u012bba: 1055 KJ\/388 kcal,  tauki 8,1 g, tostarp pies\u0101tin\u0101t\u0101s tauksk\u0101bes 5 g, og\u013chidr\u0101ti 37,6 g, tostarp cukurs 21,5 g, \u0161\u0137iedrvielas 3,3 g, olbaltumvielas 7,7 g, s\u0101ls 0,4 g. Uzglab.temp.: istabas temperat\u016br\u0101. Izlietot l\u012bdz: nor\u0101d\u012bts uz iepakojuma. Ra\u017eot\u0101js: SIA Di\u0101na Bistro, Andreja iela 5<\/p>\n","protected":false},"excerpt":{"rendered":"<p>5.49 \u20ac\/kg<\/p>\n","protected":false},"featured_media":1247248,"template":"","meta":{"_acf_changed":false,"inline_featured_image":false},"product_cat":[109,110],"product_tag":[],"acf":[],"aioseo_notices":[],"_links":{"self":[{"href":"https:\/\/ventspils.citro.lv\/ru\/wp-json\/wp\/v2\/product\/30173"}],"collection":[{"href":"https:\/\/ventspils.citro.lv\/ru\/wp-json\/wp\/v2\/product"}],"about":[{"href":"https:\/\/ventspils.citro.lv\/ru\/wp-json\/wp\/v2\/types\/product"}],"wp:featuredmedia":[{"embeddable":true,"href":"https:\/\/ventspils.citro.lv\/ru\/wp-json\/wp\/v2\/media\/1247248"}],"wp:attachment":[{"href":"https:\/\/ventspils.citro.lv\/ru\/wp-json\/wp\/v2\/media?parent=30173"}],"wp:term":[{"taxonomy":"product_cat","embeddable":true,"href":"https:\/\/ventspils.citro.lv\/ru\/wp-json\/wp\/v2\/product_cat?post=30173"},{"taxonomy":"product_tag","embeddable":true,"href":"https:\/\/ventspils.citro.lv\/ru\/wp-json\/wp\/v2\/product_tag?post=30173"}],"curies":[{"name":"wp","href":"https:\/\/api.w.org\/{rel}","templated":true}]}}