{"id":30161,"date":"2025-04-17T01:48:14","date_gmt":"2025-04-16T22:48:14","guid":{"rendered":"https:\/\/ventspils.citro.lv\/veikals\/bulcina-biezpiena-konvertini\/"},"modified":"2026-04-10T11:24:13","modified_gmt":"2026-04-10T08:24:13","slug":"bulcina-biezpiena-konvertini","status":"publish","type":"product","link":"https:\/\/ventspils.citro.lv\/ru\/veikals\/bulcina-biezpiena-konvertini\/","title":{"rendered":"Bulci\u0146a biezpiena konverti\u0146i"},"content":{"rendered":"<p>Sast\u0101vda\u013cas : m\u012bkla (KVIE\u0160U milti, \u016bdens, margar\u012bns (dz\u012bvnieku tauki (c\u016bku), augu e\u013c\u013ca (rap\u0161u), \u016bdens, s\u0101ls, emulgatori (rap\u0161u lecit\u012bns, tauksk\u0101bju mono- un diglicer\u012bdi RSPO SG), sk\u0101buma regul\u0113t\u0101js (citronsk\u0101be), aromatiz\u0113t\u0101js dab\u012bgs, kr\u0101sviela beta-karot\u012bns), cukurs, raugs, p\u0101rtikas s\u0101ls), BIEZPIENS V\u0100JPIENA, OLAS, cukurs, biezpiena piedeva (cukurs, modific\u0113ta ciete: E1414, ciete, OLU baltuma pulveris, sk\u0101be: E330, aromatiz\u0113t\u0101js, s\u0101ls), p\u016bdercukurs (dekstroze, KVIE\u0160U ciete, palmu tauki (RSPO MB) , rap\u0161u e\u013c\u013ca, pretsalipes viela :E170, aromatiz\u0113t\u0101js). 100 g produkta satur : ener\u0123\u0113tisk\u0101 v\u0113rt\u012bba: 1388 KJ\/329 kcal,  tauki 6,4 g, tostarp pies\u0101t.tauksk\u0101bes 2,7 g, og\u013chidr\u0101ti 51,8 g, tostarp cukurs 24,5 g, \u0161\u0137iedrvielas 1,6 g, olbaltumvielas 15 g, s\u0101ls 0,5 g. Uzglab.temp.: istabas temperat\u016br\u0101. Izlietot l\u012bdz: nor\u0101d\u012bts uz iepakojuma. Ra\u017eot\u0101js: SIA Di\u0101na Bistro, Andreja iela 5, Ventspils.Latvija<\/p>\n","protected":false},"excerpt":{"rendered":"<p>0.75 \u20ac\/gb<\/p>\n","protected":false},"featured_media":1032465,"template":"","meta":{"_acf_changed":false,"inline_featured_image":false},"product_cat":[109,110],"product_tag":[],"acf":[],"aioseo_notices":[],"_links":{"self":[{"href":"https:\/\/ventspils.citro.lv\/ru\/wp-json\/wp\/v2\/product\/30161"}],"collection":[{"href":"https:\/\/ventspils.citro.lv\/ru\/wp-json\/wp\/v2\/product"}],"about":[{"href":"https:\/\/ventspils.citro.lv\/ru\/wp-json\/wp\/v2\/types\/product"}],"wp:featuredmedia":[{"embeddable":true,"href":"https:\/\/ventspils.citro.lv\/ru\/wp-json\/wp\/v2\/media\/1032465"}],"wp:attachment":[{"href":"https:\/\/ventspils.citro.lv\/ru\/wp-json\/wp\/v2\/media?parent=30161"}],"wp:term":[{"taxonomy":"product_cat","embeddable":true,"href":"https:\/\/ventspils.citro.lv\/ru\/wp-json\/wp\/v2\/product_cat?post=30161"},{"taxonomy":"product_tag","embeddable":true,"href":"https:\/\/ventspils.citro.lv\/ru\/wp-json\/wp\/v2\/product_tag?post=30161"}],"curies":[{"name":"wp","href":"https:\/\/api.w.org\/{rel}","templated":true}]}}