{"id":30156,"date":"2025-10-17T00:55:00","date_gmt":"2025-10-16T21:55:00","guid":{"rendered":"https:\/\/ventspils.citro.lv\/veikals\/virtuli\/"},"modified":"2025-12-16T17:35:51","modified_gmt":"2025-12-16T15:35:51","slug":"virtulis","status":"publish","type":"product","link":"https:\/\/ventspils.citro.lv\/ru\/veikals\/virtulis\/","title":{"rendered":"Virtulis"},"content":{"rendered":"<p>Sast\u0101vda\u013cas: m\u012bkla (KVIE\u0160U milti, \u016bdens, augu e\u013c\u013ca, cukurs, KEF\u012aRS ( PIENS, ieraugs , D vitam\u012bns),  raugs pres\u0113tais, p\u0101rtikas s\u0101ls), p\u016bdercukurs (glikoze, KVIE\u0160U ciete, augu tauki (palmu (RSPO SG)), pretsalipes vielas: E470b, E341). 100 g produkta satur : ener\u0123\u0113tisk\u0101 v\u0113rt\u012bba: 1614 KJ\/385 kcal,  tauki 7,5 g, tostarp pies\u0101tin\u0101t\u0101s tauksk\u0101bes 1,2 g, og\u013chidr\u0101ti 47,3 g, tostarp cukurs 10 g, \u0161\u0137iedrvielas 2,6 g, olbaltumvielas 8,5 g, s\u0101ls 0,5 g. Uzglab.temp.: istabas temperat\u016br\u0101. Ra\u017eot\u0101js: SIA Di\u0101na Bistro, Andreja iela 5, Ventspils.<\/p>\n","protected":false},"excerpt":{"rendered":"<p>0.32 \u20ac\/gb<\/p>\n","protected":false},"featured_media":1143417,"template":"","meta":{"_acf_changed":false,"inline_featured_image":false},"product_cat":[109,110],"product_tag":[],"acf":[],"aioseo_notices":[],"_links":{"self":[{"href":"https:\/\/ventspils.citro.lv\/ru\/wp-json\/wp\/v2\/product\/30156"}],"collection":[{"href":"https:\/\/ventspils.citro.lv\/ru\/wp-json\/wp\/v2\/product"}],"about":[{"href":"https:\/\/ventspils.citro.lv\/ru\/wp-json\/wp\/v2\/types\/product"}],"wp:featuredmedia":[{"embeddable":true,"href":"https:\/\/ventspils.citro.lv\/ru\/wp-json\/wp\/v2\/media\/1143417"}],"wp:attachment":[{"href":"https:\/\/ventspils.citro.lv\/ru\/wp-json\/wp\/v2\/media?parent=30156"}],"wp:term":[{"taxonomy":"product_cat","embeddable":true,"href":"https:\/\/ventspils.citro.lv\/ru\/wp-json\/wp\/v2\/product_cat?post=30156"},{"taxonomy":"product_tag","embeddable":true,"href":"https:\/\/ventspils.citro.lv\/ru\/wp-json\/wp\/v2\/product_tag?post=30156"}],"curies":[{"name":"wp","href":"https:\/\/api.w.org\/{rel}","templated":true}]}}