{"id":30152,"date":"2026-03-28T01:15:03","date_gmt":"2026-03-27T23:15:03","guid":{"rendered":"https:\/\/ventspils.citro.lv\/veikals\/bulcina-persiku-apala\/"},"modified":"2026-04-04T14:15:07","modified_gmt":"2026-04-04T11:15:07","slug":"bulcina-persiku-apala","status":"publish","type":"product","link":"https:\/\/ventspils.citro.lv\/ru\/veikals\/bulcina-persiku-apala\/","title":{"rendered":"Bulci\u0146a persiku apa\u013c\u0101"},"content":{"rendered":"<p>Sast\u0101vda\u013cas : m\u012bkla (KVIE\u0160U milti, \u016bdens, margar\u012bns (dz\u012bvnieku tauki (c\u016bku), augu e\u013c\u013ca (rap\u0161u), \u016bdens, s\u0101ls, emulgatori (rap\u0161u lecit\u012bns, tauksk\u0101bju mono- un diglicer\u012bdi RSPO SG), sk\u0101buma regul\u0113t\u0101js (citronsk\u0101be), aromatiz\u0113t\u0101js dab\u012bgs, kr\u0101sviela beta-karot\u012bns), cukurs, raugs, p\u0101rtikas s\u0101ls), \u016bdens, persiki konserv\u0113ti (persiki, \u016bdens, cukurs, glikozes-fruktozes s\u012brups, citronsk\u0101be), kaltkr\u0113ms (cukurs, modific\u0113ta ciete (E1414),  V\u0100JPIENA pulveris,  palmu e\u013c\u013ca RSPO MB,  S\u016aKALU pulveris,  biezin\u0101t\u0101js (E401),  s\u0101ls,  kr\u0101svielas (E160a, E101),  aromatiz\u0113t\u0101js,  PIENA olbaltumvielas), OLAS.  100 g produkta satur : ener\u0123\u0113tisk\u0101 v\u0113rt\u012bba: 1030 KJ\/244 kcal,  tauki 5,5 g, tostarp pies\u0101t.tauksk\u0101bes 2,5 g, og\u013chidr\u0101ti 43 g, tostarp cukurs 17,6 g, \u0161\u0137iedrvielas 1,8 g, olbaltumvielas 5,3 g, s\u0101ls 0,5 g. Uzglab.temp.: istabas temperat\u016br\u0101. Izlietot l\u012bdz: nor\u0101d\u012bts uz iepakojuma. Ra\u017eot\u0101js: SIA Di\u0101na Bistro, Andreja iela 5, Ventspils.Latvija<\/p>\n","protected":false},"excerpt":{"rendered":"<p>0.45 \u20ac\/gb<\/p>\n","protected":false},"featured_media":1237171,"template":"","meta":{"_acf_changed":false,"inline_featured_image":false},"product_cat":[109,110],"product_tag":[],"acf":[],"aioseo_notices":[],"_links":{"self":[{"href":"https:\/\/ventspils.citro.lv\/ru\/wp-json\/wp\/v2\/product\/30152"}],"collection":[{"href":"https:\/\/ventspils.citro.lv\/ru\/wp-json\/wp\/v2\/product"}],"about":[{"href":"https:\/\/ventspils.citro.lv\/ru\/wp-json\/wp\/v2\/types\/product"}],"wp:featuredmedia":[{"embeddable":true,"href":"https:\/\/ventspils.citro.lv\/ru\/wp-json\/wp\/v2\/media\/1237171"}],"wp:attachment":[{"href":"https:\/\/ventspils.citro.lv\/ru\/wp-json\/wp\/v2\/media?parent=30152"}],"wp:term":[{"taxonomy":"product_cat","embeddable":true,"href":"https:\/\/ventspils.citro.lv\/ru\/wp-json\/wp\/v2\/product_cat?post=30152"},{"taxonomy":"product_tag","embeddable":true,"href":"https:\/\/ventspils.citro.lv\/ru\/wp-json\/wp\/v2\/product_tag?post=30152"}],"curies":[{"name":"wp","href":"https:\/\/api.w.org\/{rel}","templated":true}]}}