{"id":30148,"date":"2025-07-11T01:06:22","date_gmt":"2025-07-10T22:06:22","guid":{"rendered":"https:\/\/ventspils.citro.lv\/veikals\/radzins-siera-skinka\/"},"modified":"2025-07-11T01:06:27","modified_gmt":"2025-07-10T22:06:27","slug":"radzins-siera-skinka","status":"publish","type":"product","link":"https:\/\/ventspils.citro.lv\/ru\/veikals\/radzins-siera-skinka\/","title":{"rendered":"Radzi\u0146\u0161 Siera-\u0161\u0137i\u0146\u0137a"},"content":{"rendered":"<p>Sast\u0101vda\u013cas: m\u012bkla (KVIE\u0160U milti, margar\u012bns (augu tauki (palmu, kokosa), \u016bdens, rap\u0161u e\u013c\u013ca, emulgators E471, sk\u0101buma regul\u0113t\u0101js E330, dab\u012bgs aromatiz\u0113t\u0101js, p\u0101rtikas kr\u0101sviela E160a), \u016bdens, OLAS, p\u0101rtikas s\u0101ls, eti\u0137a esence), siera izstr\u0101d\u0101jums (pasteriz\u0113ts PIENS, augu tauki (palmu)24%, konservants E252, siera ieraugs, renins, p\u0101rtikas kr\u0101sviela-beta karot\u012bns), c\u016bkga\u013ca  k\u016bpin\u0101ta (c\u016bkga\u013cas karbon\u0101de 64%, \u016bdens, maltodekstr\u012bns, ciete, s\u0101ls,SOJAS olbaltumvielas, gar\u0161vielas, stabiliz\u0113t\u0101ji E407, E425, E415, E451, hemoglob\u012bns, gar\u0161vielu ekstrakti, antioksidants E316, gar\u0161as pastiprin\u0101t\u0101ji E621, rauga ekstrakts, konservants E250, dekstroze, p\u0113ters\u012b\u013cu saknes, augu \u0161\u0137iedrvielas), OLAS. 100 g produkta satur : ener\u0123\u0113tisk\u0101 v\u0113rt\u012bba: 1982 KJ\/476 kcal,  tauki 31,5 g, tostarp pies\u0101tin\u0101t\u0101s tauksk\u0101bes 15,1 g, og\u013chidr\u0101ti 28,4 g, tostarp cukurs 0,1 g, \u0161\u0137iedrvielas 1,5 g, olbaltumvielas 12,3 g, s\u0101ls 1,5 g. Uzglab.temp.: istabas temperat\u016br\u0101. Izlietot l\u012bdz: nor\u0101d\u012bts uz iepakojuma. Ra\u017eot\u0101js: SIA Di\u0101na Bistro, Andreja iela 5, Ventspils<\/p>\n","protected":false},"excerpt":{"rendered":"<p>0.69 \u20ac\/gb<\/p>\n","protected":false},"featured_media":1084912,"template":"","meta":{"_acf_changed":false,"inline_featured_image":false},"product_cat":[109,110],"product_tag":[],"acf":[],"aioseo_notices":[],"_links":{"self":[{"href":"https:\/\/ventspils.citro.lv\/ru\/wp-json\/wp\/v2\/product\/30148"}],"collection":[{"href":"https:\/\/ventspils.citro.lv\/ru\/wp-json\/wp\/v2\/product"}],"about":[{"href":"https:\/\/ventspils.citro.lv\/ru\/wp-json\/wp\/v2\/types\/product"}],"wp:featuredmedia":[{"embeddable":true,"href":"https:\/\/ventspils.citro.lv\/ru\/wp-json\/wp\/v2\/media\/1084912"}],"wp:attachment":[{"href":"https:\/\/ventspils.citro.lv\/ru\/wp-json\/wp\/v2\/media?parent=30148"}],"wp:term":[{"taxonomy":"product_cat","embeddable":true,"href":"https:\/\/ventspils.citro.lv\/ru\/wp-json\/wp\/v2\/product_cat?post=30148"},{"taxonomy":"product_tag","embeddable":true,"href":"https:\/\/ventspils.citro.lv\/ru\/wp-json\/wp\/v2\/product_tag?post=30148"}],"curies":[{"name":"wp","href":"https:\/\/api.w.org\/{rel}","templated":true}]}}