{"id":30147,"date":"2026-02-25T02:36:14","date_gmt":"2026-02-25T00:36:14","guid":{"rendered":"https:\/\/ventspils.citro.lv\/veikals\/grozins-auglu\/"},"modified":"2026-04-28T14:09:04","modified_gmt":"2026-04-28T11:09:04","slug":"grozins-auglu","status":"publish","type":"product","link":"https:\/\/ventspils.citro.lv\/ru\/veikals\/grozins-auglu\/","title":{"rendered":"Grozi\u0146\u0161 aug\u013cu"},"content":{"rendered":"<p>Sast\u0101vda\u013cas: m\u012bkla (KVIE\u0160U milti, margar\u012bns (augu tauki (palmu, kokosa), \u016bdens, rap\u0161u e\u013c\u013ca, emulgators E471, sk\u0101buma regul\u0113t\u0101js E330, dab\u012bgs aromatiz\u0113t\u0101js, p\u0101rtikas kr\u0101sviela E160a), cukurs, OLAS, cepamais pulveris (irdin\u0101t\u0101ji: din\u0101trija difosf\u0101ts E450i, n\u0101trija karbon\u0101ts E500), p\u0101rtikas s\u0101ls), putkr\u0113jums uz augu tauku b\u0101zes (piln\u012bgi hidrogen\u0113ta palmu kodolu e\u013c\u013ca 25%, cukurs 12%, PIENA olbaltumvielas,E472b, E322 (SOJA), E472e, E460, E466, E340, aromatiz\u0113t\u0101js, E160a), konserv.mandar\u012bni, konserv.persiki, kivi, v\u012bnogas, dekor\u017eeleja (cukurs, E330, E331, E340, E407, E440, E410, E414, dekstroze, karameliz\u0113ts cukurs, aromatiz\u0113t\u0101js). 100 g produkta satur:  ener\u0123\u0113tisk\u0101 v\u0113rt\u012bba 1142KJ\/273kcal,  tauki 14g, tostarp pies\u0101tin\u0101t\u0101s tauksk\u0101bes 7,5g, og\u013chidr\u0101ti 33g, tostarp cukurs 18g, olbaltumvielas 3,8g, s\u0101ls 0,2g. Uzglab\u0101\u0161anas temperat\u016bra: +2&#8230;+6 C. Ra\u017eot\u0101js: SIA Di\u0101na Bistro, Andreja iela 5 Ventspils. Izlietot l\u012bdz: nor\u0101d\u012bts uz iepakojuma.<\/p>\n","protected":false},"excerpt":{"rendered":"<p>0.59 \u20ac\/gb<\/p>\n","protected":false},"featured_media":1213665,"template":"","meta":{"_acf_changed":false,"inline_featured_image":false},"product_cat":[235,109],"product_tag":[],"acf":[],"aioseo_notices":[],"_links":{"self":[{"href":"https:\/\/ventspils.citro.lv\/ru\/wp-json\/wp\/v2\/product\/30147"}],"collection":[{"href":"https:\/\/ventspils.citro.lv\/ru\/wp-json\/wp\/v2\/product"}],"about":[{"href":"https:\/\/ventspils.citro.lv\/ru\/wp-json\/wp\/v2\/types\/product"}],"wp:featuredmedia":[{"embeddable":true,"href":"https:\/\/ventspils.citro.lv\/ru\/wp-json\/wp\/v2\/media\/1213665"}],"wp:attachment":[{"href":"https:\/\/ventspils.citro.lv\/ru\/wp-json\/wp\/v2\/media?parent=30147"}],"wp:term":[{"taxonomy":"product_cat","embeddable":true,"href":"https:\/\/ventspils.citro.lv\/ru\/wp-json\/wp\/v2\/product_cat?post=30147"},{"taxonomy":"product_tag","embeddable":true,"href":"https:\/\/ventspils.citro.lv\/ru\/wp-json\/wp\/v2\/product_tag?post=30147"}],"curies":[{"name":"wp","href":"https:\/\/api.w.org\/{rel}","templated":true}]}}