{"id":30146,"date":"2024-07-08T00:36:16","date_gmt":"2024-07-07T21:36:16","guid":{"rendered":"https:\/\/ventspils.citro.lv\/veikals\/maizite-biezpiena-kirsu-griezta\/"},"modified":"2026-03-27T12:18:59","modified_gmt":"2026-03-27T10:18:59","slug":"maizite-biezpiena-kirsu-griezta","status":"publish","type":"product","link":"https:\/\/ventspils.citro.lv\/ru\/veikals\/maizite-biezpiena-kirsu-griezta\/","title":{"rendered":"Maiz\u012bte biezpiena-\u0137ir\u0161u griezt\u0101"},"content":{"rendered":"<p>Sast\u0101vda\u013cas: m\u012bkla (KVIE\u0160U milti, margar\u012bns (augu tauki (palmu, kokosa), \u016bdens, rap\u0161u e\u013c\u013ca, emulgators E471, sk\u0101buma regul\u0113t\u0101js E330, dab\u012bgs aromatiz\u0113t\u0101js, p\u0101rtikas kr\u0101sviela E160a), cukurs, OLAS, cepamais pulveris (irdin\u0101t\u0101ji: din\u0101trija difosf\u0101ts E450i, n\u0101trija karbon\u0101ts E500, KVIE\u0160U milti), s\u0101ls), BIEZPIENS, \u0137ir\u0161u pild\u012bjums (\u0137ir\u0161i (50%), cukurs, modific\u0113ta ciete, glikozes-fruktozes s\u012brups, konservants: k\u0101lija sorb\u0101ts (E202), sk\u0101be: citronsk\u0101be (E330), biezin\u0101t\u0101js: \u017eelena sve\u0137i (E418)), OLAS, cukurs, piedeva (cukurs, modific\u0113ta ciete: E1414, ciete, OLU baltuma pulveris, sk\u0101be: E330, aromatiz\u0113t\u0101js, s\u0101ls), margar\u012bns (augu tauki (palmu, kokosa), \u016bdens, rap\u0161u e\u013c\u013ca, emulgators E471, sk\u0101buma regul\u0113t\u0101js E330, dab\u012bgs aromatiz\u0113t\u0101js, p\u0101rtikas kr\u0101sviela E160a), citrona aromatiz\u0113t\u0101js (dab\u012bgi aromatiz\u0113t\u0101ji, aromatiz\u0113jo\u0161i preper\u0101ti, \u016bdens, glikozes s\u012brups, invertcukura s\u012brups, etilspirts, biezin\u0101t\u0101js E415, kr\u0101sviela E101). 100 g produkta satur:  ener\u0123\u0113tisk\u0101 v\u0113rt\u012bba 1012KJ\/241kcal,  tauki 9 g, tostarp pies\u0101tin\u0101t\u0101s tauksk\u0101bes 3 g, og\u013chidr\u0101ti 30 g, tostarp cukurs 20 g, \u0161\u0137iedrvielas 0,6 g, olbaltumvielas 11 g, s\u0101ls 0,2 g. Uzglab\u0101\u0161anas apst\u0101k\u013ci: +2 &#8230;+6 C.Izlietot l\u012bdz: Skat\u012bt uz iepakojuma. Ra\u017eot\u0101js: SIA &#171;Di\u0101na-bistro&#187;, Andreja iela -5, Ventspils.<\/p>\n","protected":false},"excerpt":{"rendered":"<p>1.25 \u20ac\/gb<\/p>\n","protected":false},"featured_media":860475,"template":"","meta":{"_acf_changed":false,"inline_featured_image":false},"product_cat":[109,110],"product_tag":[],"acf":[],"aioseo_notices":[],"_links":{"self":[{"href":"https:\/\/ventspils.citro.lv\/ru\/wp-json\/wp\/v2\/product\/30146"}],"collection":[{"href":"https:\/\/ventspils.citro.lv\/ru\/wp-json\/wp\/v2\/product"}],"about":[{"href":"https:\/\/ventspils.citro.lv\/ru\/wp-json\/wp\/v2\/types\/product"}],"wp:featuredmedia":[{"embeddable":true,"href":"https:\/\/ventspils.citro.lv\/ru\/wp-json\/wp\/v2\/media\/860475"}],"wp:attachment":[{"href":"https:\/\/ventspils.citro.lv\/ru\/wp-json\/wp\/v2\/media?parent=30146"}],"wp:term":[{"taxonomy":"product_cat","embeddable":true,"href":"https:\/\/ventspils.citro.lv\/ru\/wp-json\/wp\/v2\/product_cat?post=30146"},{"taxonomy":"product_tag","embeddable":true,"href":"https:\/\/ventspils.citro.lv\/ru\/wp-json\/wp\/v2\/product_tag?post=30146"}],"curies":[{"name":"wp","href":"https:\/\/api.w.org\/{rel}","templated":true}]}}