{"id":30138,"date":"2026-04-14T01:39:16","date_gmt":"2026-04-13T22:39:16","guid":{"rendered":"https:\/\/ventspils.citro.lv\/veikals\/bulcina-pita-rozinu\/"},"modified":"2026-04-14T13:13:56","modified_gmt":"2026-04-14T10:13:56","slug":"maizite-pinite-ar-cukura-glazuru-citro","status":"publish","type":"product","link":"https:\/\/ventspils.citro.lv\/ru\/veikals\/maizite-pinite-ar-cukura-glazuru-citro\/","title":{"rendered":"Maiz\u012bte p\u012bn\u012bte ar cukura glaz\u016bru Citro"},"content":{"rendered":"<p>Sast\u0101vda\u013cas : m\u012bkla (KVIE\u0160U milti, \u016bdens, margar\u012bns (augu tauki (palmu, kokosa), \u016bdens, rap\u0161u e\u013c\u013ca, emulgators E471, sk\u0101buma regul\u0113t\u0101js E330, dab\u012bgs aromatiz\u0113t\u0101js, p\u0101rtikas kr\u0101sviela E160a ), cukurs, raugs, p\u0101rtikas s\u0101ls), cukura glaz\u016bra (cukurs, glikozes s\u012brups), roz\u012bnes, OLA, \u016bdens. 100 g produkta satur : ener\u0123\u0113tisk\u0101 v\u0113rt\u012bba: 1823 KJ\/434 kcal,  tauki 11 g, tostarp pies\u0101t.tauksk\u0101bes 5,6 g, og\u013chidr\u0101ti 74,3 g, tostarp cukurs 42 g, \u0161\u0137iedrvielas 2,2 g, olbaltumvielas 7 g, s\u0101ls 0,6 g. Uzglab.temp.: istabas temperat\u016br\u0101. Izlietot l\u012bdz: nor\u0101d\u012bts uz iepakojuma. Ra\u017eot\u0101js: SIA Di\u0101na Bistro, Andreja iela 5, Ventspils.<\/p>\n","protected":false},"excerpt":{"rendered":"<p>0.59 \u20ac\/gb<\/p>\n","protected":false},"featured_media":1244967,"template":"","meta":{"_acf_changed":false,"inline_featured_image":false},"product_cat":[109,110],"product_tag":[],"acf":[],"aioseo_notices":[],"_links":{"self":[{"href":"https:\/\/ventspils.citro.lv\/ru\/wp-json\/wp\/v2\/product\/30138"}],"collection":[{"href":"https:\/\/ventspils.citro.lv\/ru\/wp-json\/wp\/v2\/product"}],"about":[{"href":"https:\/\/ventspils.citro.lv\/ru\/wp-json\/wp\/v2\/types\/product"}],"wp:featuredmedia":[{"embeddable":true,"href":"https:\/\/ventspils.citro.lv\/ru\/wp-json\/wp\/v2\/media\/1244967"}],"wp:attachment":[{"href":"https:\/\/ventspils.citro.lv\/ru\/wp-json\/wp\/v2\/media?parent=30138"}],"wp:term":[{"taxonomy":"product_cat","embeddable":true,"href":"https:\/\/ventspils.citro.lv\/ru\/wp-json\/wp\/v2\/product_cat?post=30138"},{"taxonomy":"product_tag","embeddable":true,"href":"https:\/\/ventspils.citro.lv\/ru\/wp-json\/wp\/v2\/product_tag?post=30138"}],"curies":[{"name":"wp","href":"https:\/\/api.w.org\/{rel}","templated":true}]}}