{"id":30130,"date":"2025-12-30T01:24:25","date_gmt":"2025-12-29T23:24:25","guid":{"rendered":"https:\/\/ventspils.citro.lv\/veikals\/eklers-mini-baltais\/"},"modified":"2026-03-09T12:51:21","modified_gmt":"2026-03-09T10:51:21","slug":"eklers-mini-baltais","status":"publish","type":"product","link":"https:\/\/ventspils.citro.lv\/ru\/veikals\/eklers-mini-baltais\/","title":{"rendered":"Eklers mini baltais"},"content":{"rendered":"<p>Sast\u0101vda\u013cas: m\u012bkla (OLAS, KVIE\u0160U milti, \u016bdens, margar\u012bns (augu tauki (palmu, kokosa), rap\u0161u e\u013c\u013ca, emulgators: E471, sk\u0101buma regul\u0113t\u0101js: E330, dab\u012bgs aromatiz\u0113t\u0101js, p\u0101rtikas kr\u0101sviela:  E160a), s\u0101ls. Pild\u012bjums (\u016bdens, kr\u0113ma pulveris (cietin\u0101ti palmu tauki, cukurs, emulgatori E472a, E322; PIENA olbaltumvielas, glikozes s\u012brups, S\u016aKALU pulveris, aromatiz\u0113t\u0101js vanil\u012bns, p\u0101rtikas kr\u0101sviela E160a), cukurs. Glaz\u016bra: mais\u012bjums glaz\u016bras pagatavo\u0161anai (cukurs, glikozes s\u012brups), \u016bdens, kakao ar pazemin\u0101tu tauku saturu.  100g produkta satur:  ener\u0123\u0113tisk\u0101 v\u0113rt\u012bba 1440KJ\/343kcal, tauki 17g, pies\u0101tin\u0101t\u0101s tauksk\u0101bes 10,5 g, og\u013chidr\u0101ti 40 g, tostarp cukurs 24 g, \u0161\u0137iedrvielas 1,7 g, olbaltumvielas 6,9 g, s\u0101ls 0,7 g. Uzglab\u0101\u0161anas apst\u0101k\u013ci: +2&#8230;+6 C. Izlietot l\u012bdz: Skat\u012bt uz iepakojuma. Ra\u017eot\u0101js: SIA &#171;Di\u0101na-bistro&#187;Andreja iela 5 Ventspils.<\/p>\n","protected":false},"excerpt":{"rendered":"<p>0.62 \u20ac\/gb<\/p>\n","protected":false},"featured_media":1182721,"template":"","meta":{"_acf_changed":false,"inline_featured_image":false},"product_cat":[235,109],"product_tag":[],"acf":[],"aioseo_notices":[],"_links":{"self":[{"href":"https:\/\/ventspils.citro.lv\/ru\/wp-json\/wp\/v2\/product\/30130"}],"collection":[{"href":"https:\/\/ventspils.citro.lv\/ru\/wp-json\/wp\/v2\/product"}],"about":[{"href":"https:\/\/ventspils.citro.lv\/ru\/wp-json\/wp\/v2\/types\/product"}],"wp:featuredmedia":[{"embeddable":true,"href":"https:\/\/ventspils.citro.lv\/ru\/wp-json\/wp\/v2\/media\/1182721"}],"wp:attachment":[{"href":"https:\/\/ventspils.citro.lv\/ru\/wp-json\/wp\/v2\/media?parent=30130"}],"wp:term":[{"taxonomy":"product_cat","embeddable":true,"href":"https:\/\/ventspils.citro.lv\/ru\/wp-json\/wp\/v2\/product_cat?post=30130"},{"taxonomy":"product_tag","embeddable":true,"href":"https:\/\/ventspils.citro.lv\/ru\/wp-json\/wp\/v2\/product_tag?post=30130"}],"curies":[{"name":"wp","href":"https:\/\/api.w.org\/{rel}","templated":true}]}}