{"id":30118,"date":"2026-04-24T03:36:19","date_gmt":"2026-04-24T00:36:19","guid":{"rendered":"https:\/\/ventspils.citro.lv\/veikals\/piradzins-buljona\/"},"modified":"2026-04-24T03:36:34","modified_gmt":"2026-04-24T00:36:34","slug":"piradzins-buljona-citro","status":"publish","type":"product","link":"https:\/\/ventspils.citro.lv\/ru\/veikals\/piradzins-buljona-citro\/","title":{"rendered":"P\u012br\u0101dzi\u0146\u0161 buljona Citro"},"content":{"rendered":"<p>Sast\u0101vda\u013cas: m\u012bkla k\u0101rtain\u0101 (KVIE\u0160U milti, margar\u012bns (augu tauki (palmu, kokosa), \u016bdens, rap\u0161u e\u013c\u013ca, emulgators E471, sk\u0101buma regul\u0113t\u0101js E330, dab\u012bgs aromatiz\u0113t\u0101js, p\u0101rtikas kr\u0101sviela E160a), \u016bdens, OLAS, p\u0101rtikas s\u0101ls, eti\u0137a esence), c\u016bkga\u013ca, p\u0101rtikas s\u0101ls, m.pipari, OLAS. 100 g produkta satur : ener\u0123\u0113tisk\u0101 v\u0113rt\u012bba: 1564 KJ\/375 kcal,  tauki 25,8 g, tostarp pies\u0101tin\u0101t\u0101s tauksk\u0101bes 11,7 g, og\u013chidr\u0101ti 23,5 g, tostarp cukurs 0,1 g, \u0161\u0137iedrvielas 1,3 g, olbaltumvielas 11,9 g, s\u0101ls 0,8 g. Uzglab.temp.: istabas temperat\u016br\u0101. Izlietot l\u012bdz: nor\u0101d\u012bts uz iepakojuma. Ra\u017eot\u0101js: SIA Di\u0101na Bistro, Andreja iela 5.<\/p>\n","protected":false},"excerpt":{"rendered":"<p>0.59 \u20ac\/gb<\/p>\n","protected":false},"featured_media":1251322,"template":"","meta":{"_acf_changed":false,"inline_featured_image":false},"product_cat":[109,110],"product_tag":[],"acf":[],"aioseo_notices":[],"_links":{"self":[{"href":"https:\/\/ventspils.citro.lv\/ru\/wp-json\/wp\/v2\/product\/30118"}],"collection":[{"href":"https:\/\/ventspils.citro.lv\/ru\/wp-json\/wp\/v2\/product"}],"about":[{"href":"https:\/\/ventspils.citro.lv\/ru\/wp-json\/wp\/v2\/types\/product"}],"wp:featuredmedia":[{"embeddable":true,"href":"https:\/\/ventspils.citro.lv\/ru\/wp-json\/wp\/v2\/media\/1251322"}],"wp:attachment":[{"href":"https:\/\/ventspils.citro.lv\/ru\/wp-json\/wp\/v2\/media?parent=30118"}],"wp:term":[{"taxonomy":"product_cat","embeddable":true,"href":"https:\/\/ventspils.citro.lv\/ru\/wp-json\/wp\/v2\/product_cat?post=30118"},{"taxonomy":"product_tag","embeddable":true,"href":"https:\/\/ventspils.citro.lv\/ru\/wp-json\/wp\/v2\/product_tag?post=30118"}],"curies":[{"name":"wp","href":"https:\/\/api.w.org\/{rel}","templated":true}]}}