{"id":30114,"date":"2025-07-11T01:03:58","date_gmt":"2025-07-10T22:03:58","guid":{"rendered":"https:\/\/ventspils.citro.lv\/veikals\/bulcina-siera\/"},"modified":"2026-04-29T17:58:30","modified_gmt":"2026-04-29T14:58:30","slug":"bulcina-siera","status":"publish","type":"product","link":"https:\/\/ventspils.citro.lv\/ru\/veikals\/bulcina-siera\/","title":{"rendered":"Bulci\u0146a Siera"},"content":{"rendered":"<p>Sast\u0101vda\u013cas: m\u012bkla (KVIE\u0160U milti, margar\u012bns (augu tauki (palmu, kokosa), rap\u0161u e\u013c\u013ca, emulgators: E471, sk\u0101buma regul\u0113t\u0101js: E330, dab\u012bgs aromatiz\u0113t\u0101js, p\u0101rtikas kr\u0101sviela:  E160a), \u016bdens, raugs, cukurs, p\u0101rtikas s\u0101ls), pild\u012bjums (siera izstr\u0101d\u0101jums (pasteriz\u0113ts PIENS, augu tauki (palmu)24%, p\u0101rtikas s\u0101ls, konservants E252, siera ieraugs, renins, p\u0101rtikas kr\u0101sviela-beta karot\u012bns), margar\u012bns (augu tauki (palmu, kokosa), rap\u0161u e\u013c\u013ca, emulgators: E471, sk\u0101buma regul\u0113t\u0101js: E330, dab\u012bgs aromatiz\u0113t\u0101js, p\u0101rtikas kr\u0101sviela:  E160a),  OLAS). 100 g produkta satur:  ener\u0123\u0113tisk\u0101 v\u0113rt\u012bba 1895KJ\/455kcal,  tauki 31g, tostarp pies\u0101tin\u0101t\u0101s tauksk\u0101bes 15,3g, og\u013chidr\u0101ti 28,8g , tostarp cukurs 5,1g, \u0161\u0137iedrvielas 1,6g, olbaltumvielas 14,6g, s\u0101ls 1,1g.Uzglab\u0101t istabas temperat\u016br\u0101.  Ra\u017eot\u0101js: SIA Di\u0101na Bistro, Andreja iela 5, Ventspils.Latvija<\/p>\n","protected":false},"excerpt":{"rendered":"<p>0.69 \u20ac\/gb<\/p>\n","protected":false},"featured_media":1084911,"template":"","meta":{"_acf_changed":false,"inline_featured_image":false},"product_cat":[109,110],"product_tag":[],"acf":[],"aioseo_notices":[],"_links":{"self":[{"href":"https:\/\/ventspils.citro.lv\/ru\/wp-json\/wp\/v2\/product\/30114"}],"collection":[{"href":"https:\/\/ventspils.citro.lv\/ru\/wp-json\/wp\/v2\/product"}],"about":[{"href":"https:\/\/ventspils.citro.lv\/ru\/wp-json\/wp\/v2\/types\/product"}],"wp:featuredmedia":[{"embeddable":true,"href":"https:\/\/ventspils.citro.lv\/ru\/wp-json\/wp\/v2\/media\/1084911"}],"wp:attachment":[{"href":"https:\/\/ventspils.citro.lv\/ru\/wp-json\/wp\/v2\/media?parent=30114"}],"wp:term":[{"taxonomy":"product_cat","embeddable":true,"href":"https:\/\/ventspils.citro.lv\/ru\/wp-json\/wp\/v2\/product_cat?post=30114"},{"taxonomy":"product_tag","embeddable":true,"href":"https:\/\/ventspils.citro.lv\/ru\/wp-json\/wp\/v2\/product_tag?post=30114"}],"curies":[{"name":"wp","href":"https:\/\/api.w.org\/{rel}","templated":true}]}}