{"id":30106,"date":"2026-03-31T01:42:42","date_gmt":"2026-03-30T22:42:42","guid":{"rendered":"https:\/\/ventspils.citro.lv\/veikals\/bulcina-kafijas\/"},"modified":"2026-03-31T01:42:55","modified_gmt":"2026-03-30T22:42:55","slug":"maizite-pie-kafijas-citro","status":"publish","type":"product","link":"https:\/\/ventspils.citro.lv\/ru\/veikals\/maizite-pie-kafijas-citro\/","title":{"rendered":"Maiz\u012bte pie kafijas Citro"},"content":{"rendered":"<p>Sast\u0101vda\u013cas : m\u012bkla (KVIE\u0160U milti, \u016bdens, margar\u012bns (augu tauki (palmu, kokosa), \u016bdens, rap\u0161u e\u013c\u013ca, emulgators E471, sk\u0101buma regul\u0113t\u0101js E330, dab\u012bgs aromatiz\u0113t\u0101js, p\u0101rtikas kr\u0101sviela E160a), cukurs, raugs, p\u0101rtikas s\u0101ls), \u016bdens,  kaltkr\u0113ms (cukurs, modific\u0113ta ciete: E1414, s\u016bkalu pulveris, palmu e\u013c\u013ca, biezin\u0101t\u0101js: E401, aromatiz\u0113t\u0101js, kr\u0101svielas: E160a, E101, s\u0101ls, piena olbaltumvielas), OLA. 100 g produkta satur : ener\u0123\u0113tisk\u0101 v\u0113rt\u012bba: 1420 KJ\/338 kcal,  tauki 13 g, tostarp pies\u0101t.tauksk\u0101bes 6,4 g, og\u013chidr\u0101ti 47 g, tostarp cukurs 16 g, \u0161\u0137iedrvielas 2 g, olbaltumvielas 7 g, s\u0101ls 0,7 g. Uzglab.temp.: istabas temperat\u016br\u0101. Izlietot l\u012bdz: nor\u0101d\u012bts uz iepakojuma. Ra\u017eot\u0101js: SIA Di\u0101na Bistro, Andreja iela 5, Ventspils.<\/p>\n","protected":false},"excerpt":{"rendered":"<p>0.55 \u20ac\/gb<\/p>\n","protected":false},"featured_media":1237726,"template":"","meta":{"_acf_changed":false,"inline_featured_image":false},"product_cat":[109,110],"product_tag":[],"acf":[],"aioseo_notices":[],"_links":{"self":[{"href":"https:\/\/ventspils.citro.lv\/ru\/wp-json\/wp\/v2\/product\/30106"}],"collection":[{"href":"https:\/\/ventspils.citro.lv\/ru\/wp-json\/wp\/v2\/product"}],"about":[{"href":"https:\/\/ventspils.citro.lv\/ru\/wp-json\/wp\/v2\/types\/product"}],"wp:featuredmedia":[{"embeddable":true,"href":"https:\/\/ventspils.citro.lv\/ru\/wp-json\/wp\/v2\/media\/1237726"}],"wp:attachment":[{"href":"https:\/\/ventspils.citro.lv\/ru\/wp-json\/wp\/v2\/media?parent=30106"}],"wp:term":[{"taxonomy":"product_cat","embeddable":true,"href":"https:\/\/ventspils.citro.lv\/ru\/wp-json\/wp\/v2\/product_cat?post=30106"},{"taxonomy":"product_tag","embeddable":true,"href":"https:\/\/ventspils.citro.lv\/ru\/wp-json\/wp\/v2\/product_tag?post=30106"}],"curies":[{"name":"wp","href":"https:\/\/api.w.org\/{rel}","templated":true}]}}