{"id":30102,"date":"2026-03-28T01:12:49","date_gmt":"2026-03-27T23:12:49","guid":{"rendered":"https:\/\/ventspils.citro.lv\/veikals\/klingeritis\/"},"modified":"2026-04-13T10:13:25","modified_gmt":"2026-04-13T07:13:25","slug":"klingeritis","status":"publish","type":"product","link":"https:\/\/ventspils.citro.lv\/ru\/veikals\/klingeritis\/","title":{"rendered":"Klin\u0123er\u012btis"},"content":{"rendered":"<p>Sast\u0101vda\u013cas: k\u0101rtain\u0101 m\u012bkla (KVIE\u0160U milti, margar\u012bns (augu tauki (palmu, kokosa), \u016bdens, rap\u0161u e\u013c\u013ca, emulgators E471, sk\u0101buma regul\u0113t\u0101js E330, dab\u012bgs aromatiz\u0113t\u0101js, p\u0101rtikas kr\u0101sviela E160a), \u016bdens,  OLAS, p\u0101rtikas s\u0101ls , eti\u0137a esence), smil\u0161u m\u012bkla (KVIE\u0160U milti, margar\u012bns (augu tauki (palmu, kokosa), rap\u0161u e\u013c\u013ca, emulgators: E471, sk\u0101buma regul\u0113t\u0101js: E330, dab\u012bgs aromatiz\u0113t\u0101js, p\u0101rtikas kr\u0101sviela:  E160a), cukurs, OLAS, cepamais pulveris (irdin\u0101t\u0101ji: din\u0101trija difosf\u0101ts E450i, n\u0101trija karbon\u0101ts E500), p\u0101rtikas s\u0101ls), OLAS, kan\u0113lis. 100 g produkta satur : ener\u0123\u0113tisk\u0101 v\u0113rt\u012bba: 2301 KJ\/552 kcal,  tauki 35,6 g, tostarp pies\u0101tin\u0101t\u0101s tauksk\u0101bes 16,1 g, og\u013chidr\u0101ti 48 g, tostarp cukurs 4 g, \u0161\u0137iedrvielas 2,5 g, olbaltumvielas 8 g, s\u0101ls 1 g. Uzglab.temp.: istabas temperat\u016br\u0101. Ra\u017eot\u0101js: SIA Di\u0101na Bistro, Andreja iela 5, Ventspils<\/p>\n","protected":false},"excerpt":{"rendered":"<p>0.39 \u20ac\/gb<\/p>\n","protected":false},"featured_media":1237166,"template":"","meta":{"_acf_changed":false,"inline_featured_image":false},"product_cat":[109,110],"product_tag":[],"acf":[],"aioseo_notices":[],"_links":{"self":[{"href":"https:\/\/ventspils.citro.lv\/ru\/wp-json\/wp\/v2\/product\/30102"}],"collection":[{"href":"https:\/\/ventspils.citro.lv\/ru\/wp-json\/wp\/v2\/product"}],"about":[{"href":"https:\/\/ventspils.citro.lv\/ru\/wp-json\/wp\/v2\/types\/product"}],"wp:featuredmedia":[{"embeddable":true,"href":"https:\/\/ventspils.citro.lv\/ru\/wp-json\/wp\/v2\/media\/1237166"}],"wp:attachment":[{"href":"https:\/\/ventspils.citro.lv\/ru\/wp-json\/wp\/v2\/media?parent=30102"}],"wp:term":[{"taxonomy":"product_cat","embeddable":true,"href":"https:\/\/ventspils.citro.lv\/ru\/wp-json\/wp\/v2\/product_cat?post=30102"},{"taxonomy":"product_tag","embeddable":true,"href":"https:\/\/ventspils.citro.lv\/ru\/wp-json\/wp\/v2\/product_tag?post=30102"}],"curies":[{"name":"wp","href":"https:\/\/api.w.org\/{rel}","templated":true}]}}