{"id":30098,"date":"2025-10-13T00:45:35","date_gmt":"2025-10-12T21:45:35","guid":{"rendered":"https:\/\/ventspils.citro.lv\/veikals\/pumpernikelis\/"},"modified":"2025-12-19T13:43:47","modified_gmt":"2025-12-19T11:43:47","slug":"pumpernikelis","status":"publish","type":"product","link":"https:\/\/ventspils.citro.lv\/ru\/veikals\/pumpernikelis\/","title":{"rendered":"Pumperni\u0137elis"},"content":{"rendered":"<p>Sast\u0101vda\u013cas: KVIE\u0160U milti, cukurs, roz\u012bnes, margar\u012bns (augu tauki (palmu, kokosa), \u016bdens, rap\u0161u e\u013c\u013ca, emulgators E471, sk\u0101buma regul\u0113t\u0101js E330, dab\u012bgs aromatiz\u0113t\u0101js, p\u0101rtikas kr\u0101sviela E160a), ZEMESRIEKSTI, OLAS, kakao (kakao pulveris ar samazin\u0101tu tauku saturu (alkaliz\u0113t)), p\u0101rtikas soda.100 g produkta satur : ener\u0123\u0113tisk\u0101 v\u0113rt\u012bba: 2059 KJ\/475 kcal,  tauki 20,9 g, tostarp pies\u0101tin\u0101t\u0101s tauksk\u0101bes 8,3 g, og\u013chidr\u0101ti 65,1 g, tostarp cukurs 35 g, \u0161\u0137iedrvielas 3,6 g, olbaltumvielas 10,1 g, s\u0101ls 0,03 g. Uzglab.temp.: istabas temperat\u016br\u0101. Izlietot l\u012bdz: nor\u0101d\u012bts uz iepakojuma. Ra\u017eot\u0101js: SIA Di\u0101na Bistro, Andreja iela 5, Ventspils.<\/p>\n","protected":false},"excerpt":{"rendered":"<p>0.59 \u20ac\/gb<\/p>\n","protected":false},"featured_media":1141932,"template":"","meta":{"_acf_changed":false,"inline_featured_image":false},"product_cat":[109,110],"product_tag":[],"acf":[],"aioseo_notices":[],"_links":{"self":[{"href":"https:\/\/ventspils.citro.lv\/ru\/wp-json\/wp\/v2\/product\/30098"}],"collection":[{"href":"https:\/\/ventspils.citro.lv\/ru\/wp-json\/wp\/v2\/product"}],"about":[{"href":"https:\/\/ventspils.citro.lv\/ru\/wp-json\/wp\/v2\/types\/product"}],"wp:featuredmedia":[{"embeddable":true,"href":"https:\/\/ventspils.citro.lv\/ru\/wp-json\/wp\/v2\/media\/1141932"}],"wp:attachment":[{"href":"https:\/\/ventspils.citro.lv\/ru\/wp-json\/wp\/v2\/media?parent=30098"}],"wp:term":[{"taxonomy":"product_cat","embeddable":true,"href":"https:\/\/ventspils.citro.lv\/ru\/wp-json\/wp\/v2\/product_cat?post=30098"},{"taxonomy":"product_tag","embeddable":true,"href":"https:\/\/ventspils.citro.lv\/ru\/wp-json\/wp\/v2\/product_tag?post=30098"}],"curies":[{"name":"wp","href":"https:\/\/api.w.org\/{rel}","templated":true}]}}