{"id":30094,"date":"2025-10-13T00:45:35","date_gmt":"2025-10-12T21:45:35","guid":{"rendered":"https:\/\/ventspils.citro.lv\/veikals\/bulcina-biezpiena-kabatina\/"},"modified":"2026-04-19T11:38:23","modified_gmt":"2026-04-19T08:38:23","slug":"bulcina-biezpiena-kabatina","status":"publish","type":"product","link":"https:\/\/ventspils.citro.lv\/ru\/veikals\/bulcina-biezpiena-kabatina\/","title":{"rendered":"Bulci\u0146a biezpiena kabati\u0146a"},"content":{"rendered":"<p>Sast\u0101vda\u013cas: m\u012bkla (KVIE\u0160U milti, margar\u012bns ieveltn\u0113\u0161anai  (augu e\u013c\u013ca (palmu, rap\u0161u), \u016bdens, emulgatori: E471, E475, E322, sk\u0101buma regul\u0113t\u0101js: E330, s\u0101ls, konservants: E202, aromatiz\u0113t\u0101js,  kr\u0101sviela: E160b), \u016bdens, margar\u012bns (augu tauki (palmu, kokosa), \u016bdens, rap\u0161u e\u013c\u013ca, emulgators E471, sk\u0101buma regul\u0113t\u0101js E330, dab\u012bgs aromatiz\u0113t\u0101js, p\u0101rtikas kr\u0101sviela E160a), OLAS, s\u0101ls, eti\u0137a esence), BIEZPIENS V\u0100JPIENA, OLAS, cukurs, margar\u012bns (augu tauki (palmu, kokosa), \u016bdens, rap\u0161u e\u013c\u013ca, emulgators E471, sk\u0101buma regul\u0113t\u0101js E330, dab\u012bgs aromatiz\u0113t\u0101js, p\u0101rtikas kr\u0101sviela E160a), biezpiena piedeva (cukurs, modific\u0113ta ciete: E1414, ciete, OLU baltuma pulveris, sk\u0101be: E330, aromatiz\u0113t\u0101js, s\u0101ls), citrona aromatiz\u0113t\u0101js. 100 g produkta satur:  ener\u0123\u0113tisk\u0101 v\u0113rt\u012bba 1757KJ\/421kcal,  tauki 26 g, tostarp pies\u0101tin\u0101t\u0101s tauksk\u0101bes 12,5 g, og\u013chidr\u0101ti 35,5 g , tostarp cukurs 8,5 g, \u0161\u0137iedrvielas 1,4 g, olbaltumvielas 10 g, s\u0101ls 0,7 g.Uzglab\u0101t istabas temperat\u016br\u0101.  Ra\u017eot\u0101js: SIA Di\u0101na Bistro, Andreja iela 5, Ventspils.Latvija<\/p>\n","protected":false},"excerpt":{"rendered":"<p>0.55 \u20ac\/gb<\/p>\n","protected":false},"featured_media":1141931,"template":"","meta":{"_acf_changed":false,"inline_featured_image":false},"product_cat":[109,110],"product_tag":[],"acf":[],"aioseo_notices":[],"_links":{"self":[{"href":"https:\/\/ventspils.citro.lv\/ru\/wp-json\/wp\/v2\/product\/30094"}],"collection":[{"href":"https:\/\/ventspils.citro.lv\/ru\/wp-json\/wp\/v2\/product"}],"about":[{"href":"https:\/\/ventspils.citro.lv\/ru\/wp-json\/wp\/v2\/types\/product"}],"wp:featuredmedia":[{"embeddable":true,"href":"https:\/\/ventspils.citro.lv\/ru\/wp-json\/wp\/v2\/media\/1141931"}],"wp:attachment":[{"href":"https:\/\/ventspils.citro.lv\/ru\/wp-json\/wp\/v2\/media?parent=30094"}],"wp:term":[{"taxonomy":"product_cat","embeddable":true,"href":"https:\/\/ventspils.citro.lv\/ru\/wp-json\/wp\/v2\/product_cat?post=30094"},{"taxonomy":"product_tag","embeddable":true,"href":"https:\/\/ventspils.citro.lv\/ru\/wp-json\/wp\/v2\/product_tag?post=30094"}],"curies":[{"name":"wp","href":"https:\/\/api.w.org\/{rel}","templated":true}]}}