{"id":30090,"date":"2025-11-18T00:48:31","date_gmt":"2025-11-17T22:48:31","guid":{"rendered":"https:\/\/ventspils.citro.lv\/veikals\/bulcina-pie-kafijas\/"},"modified":"2026-04-06T13:32:13","modified_gmt":"2026-04-06T10:32:13","slug":"bulcina-pie-kafijas","status":"publish","type":"product","link":"https:\/\/ventspils.citro.lv\/ru\/veikals\/bulcina-pie-kafijas\/","title":{"rendered":"Bulci\u0146a pie kafijas"},"content":{"rendered":"<p>Sast\u0101vda\u013cas : m\u012bkla (KVIE\u0160U milti, \u016bdens, margar\u012bns (augu tauki (palmu, kokosa), \u016bdens, rap\u0161u e\u013c\u013ca, emulgators E471, sk\u0101buma regul\u0113t\u0101js E330, dab\u012bgs aromatiz\u0113t\u0101js, p\u0101rtikas kr\u0101sviela E160a) , cukurs, raugs, p\u0101rtikas s\u0101ls), KVIE\u0160U milti, cukurs, margar\u012bns (augu tauki (palmu, kokosa), \u016bdens, rap\u0161u e\u013c\u013ca, emulgators E471, sk\u0101buma regul\u0113t\u0101js E330, dab\u012bgs aromatiz\u0113t\u0101js, p\u0101rtikas kr\u0101sviela E160a), p\u016bdercukurs (glikoze, KVIE\u0160U ciete, augu tauki (palmu (RSPO SG)), pretsalipes vielas: E470b, E341), OLA, vanil\u012bns, kafija. 100 g produkta satur : ener\u0123\u0113tisk\u0101 v\u0113rt\u012bba: 2176 KJ\/520 kcal,  tauki 25 g, tostarp pies\u0101t.tauksk\u0101bes 12,3 g, og\u013chidr\u0101ti 63 g, tostarp cukurs 28 g, \u0161\u0137iedrvielas 2,4 g, olbaltumvielas 8 g, s\u0101ls 0,5 g. Uzglab.temp.: istabas temperat\u016br\u0101. Izlietot l\u012bdz: nor\u0101d\u012bts uz iepakojuma. Ra\u017eot\u0101js: SIA Di\u0101na Bistro, Andreja iela 5, Ventspils.Latvija<\/p>\n","protected":false},"excerpt":{"rendered":"<p>0.59 \u20ac\/gb<\/p>\n","protected":false},"featured_media":1160092,"template":"","meta":{"_acf_changed":false,"inline_featured_image":false},"product_cat":[109,110],"product_tag":[],"acf":[],"aioseo_notices":[],"_links":{"self":[{"href":"https:\/\/ventspils.citro.lv\/ru\/wp-json\/wp\/v2\/product\/30090"}],"collection":[{"href":"https:\/\/ventspils.citro.lv\/ru\/wp-json\/wp\/v2\/product"}],"about":[{"href":"https:\/\/ventspils.citro.lv\/ru\/wp-json\/wp\/v2\/types\/product"}],"wp:featuredmedia":[{"embeddable":true,"href":"https:\/\/ventspils.citro.lv\/ru\/wp-json\/wp\/v2\/media\/1160092"}],"wp:attachment":[{"href":"https:\/\/ventspils.citro.lv\/ru\/wp-json\/wp\/v2\/media?parent=30090"}],"wp:term":[{"taxonomy":"product_cat","embeddable":true,"href":"https:\/\/ventspils.citro.lv\/ru\/wp-json\/wp\/v2\/product_cat?post=30090"},{"taxonomy":"product_tag","embeddable":true,"href":"https:\/\/ventspils.citro.lv\/ru\/wp-json\/wp\/v2\/product_tag?post=30090"}],"curies":[{"name":"wp","href":"https:\/\/api.w.org\/{rel}","templated":true}]}}