{"id":30078,"date":"2024-09-21T00:48:12","date_gmt":"2024-09-20T21:48:12","guid":{"rendered":"https:\/\/ventspils.citro.lv\/veikals\/stricele-pusdienu\/"},"modified":"2026-03-30T11:42:00","modified_gmt":"2026-03-30T08:42:00","slug":"stricele-pusdienu","status":"publish","type":"product","link":"https:\/\/ventspils.citro.lv\/ru\/veikals\/stricele-pusdienu\/","title":{"rendered":"\u0160tricele Pusdienu"},"content":{"rendered":"<p>Sast\u0101vda\u013cas : m\u012bkla (KVIE\u0160U milti, \u016bdens, margar\u012bns (augu tauki (palmu, kokosa), \u016bdens, rap\u0161u e\u013c\u013ca, emulgators E471, sk\u0101buma regul\u0113t\u0101js E330, dab\u012bgs aromatiz\u0113t\u0101js, p\u0101rtikas kr\u0101sviela E160a ), cukurs, raugs, p\u0101rtikas s\u0101ls), c\u016bkga\u013ca, burk\u0101ni, k\u0101posti, marin\u0113ts gur\u0137is (v\u012bna eti\u0137is, s\u0101ls, gar\u0161vielas (dilles, s\u012bpoli, SINEPJU s\u0113klas, piparu graudi\u0146i), konservants: E211, dab\u012bgs aromatiz\u0113t\u0101js, saldin\u0101t\u0101js: E954), OLA. 100 g produkta satur : ener\u0123\u0113tisk\u0101 v\u0113rt\u012bba: 1126 KJ\/269 kcal,  tauki 13,1 g, tostarp pies\u0101tin\u0101t\u0101s tauksk\u0101bes 5,8 g, og\u013chidr\u0101ti 25,6 g, tostarp cukurs 5,2 g, \u0161\u0137iedrvielas 1,8 g, olbaltumvielas 10,8 g, s\u0101ls 0,5 g. Uzglab.temp.: istabas temperat\u016br\u0101. Izlietot l\u012bdz: nor\u0101d\u012bts uz iepakojuma. Ra\u017eot\u0101js: SIA Di\u0101na Bistro, Andreja iela 5, Ventspils<\/p>\n","protected":false},"excerpt":{"rendered":"<p>0.89 \u20ac\/gb<\/p>\n","protected":false},"featured_media":905705,"template":"","meta":{"_acf_changed":false,"inline_featured_image":false},"product_cat":[109,110],"product_tag":[],"acf":[],"aioseo_notices":[],"_links":{"self":[{"href":"https:\/\/ventspils.citro.lv\/ru\/wp-json\/wp\/v2\/product\/30078"}],"collection":[{"href":"https:\/\/ventspils.citro.lv\/ru\/wp-json\/wp\/v2\/product"}],"about":[{"href":"https:\/\/ventspils.citro.lv\/ru\/wp-json\/wp\/v2\/types\/product"}],"wp:featuredmedia":[{"embeddable":true,"href":"https:\/\/ventspils.citro.lv\/ru\/wp-json\/wp\/v2\/media\/905705"}],"wp:attachment":[{"href":"https:\/\/ventspils.citro.lv\/ru\/wp-json\/wp\/v2\/media?parent=30078"}],"wp:term":[{"taxonomy":"product_cat","embeddable":true,"href":"https:\/\/ventspils.citro.lv\/ru\/wp-json\/wp\/v2\/product_cat?post=30078"},{"taxonomy":"product_tag","embeddable":true,"href":"https:\/\/ventspils.citro.lv\/ru\/wp-json\/wp\/v2\/product_tag?post=30078"}],"curies":[{"name":"wp","href":"https:\/\/api.w.org\/{rel}","templated":true}]}}