{"id":300051,"date":"2026-04-24T09:06:35","date_gmt":"2026-04-24T06:06:35","guid":{"rendered":"https:\/\/ventspils.citro.lv\/veikals\/pelmeni-vecmaminas-extra-700g\/"},"modified":"2026-04-24T09:06:39","modified_gmt":"2026-04-24T06:06:39","slug":"pelmeni-vecmaminas-extra-700g","status":"publish","type":"product","link":"https:\/\/ventspils.citro.lv\/ru\/veikals\/pelmeni-vecmaminas-extra-700g\/","title":{"rendered":"Pelme\u0146i Vecm\u0101mi\u0146as Extra 700g"},"content":{"rendered":"","protected":false},"excerpt":{"rendered":"<p>5.24 \u20ac\/kg<\/p>\n","protected":false},"featured_media":1252738,"template":"","meta":{"_acf_changed":false,"inline_featured_image":false},"product_cat":[539,231],"product_tag":[],"acf":[],"aioseo_notices":[],"_links":{"self":[{"href":"https:\/\/ventspils.citro.lv\/ru\/wp-json\/wp\/v2\/product\/300051"}],"collection":[{"href":"https:\/\/ventspils.citro.lv\/ru\/wp-json\/wp\/v2\/product"}],"about":[{"href":"https:\/\/ventspils.citro.lv\/ru\/wp-json\/wp\/v2\/types\/product"}],"wp:featuredmedia":[{"embeddable":true,"href":"https:\/\/ventspils.citro.lv\/ru\/wp-json\/wp\/v2\/media\/1252738"}],"wp:attachment":[{"href":"https:\/\/ventspils.citro.lv\/ru\/wp-json\/wp\/v2\/media?parent=300051"}],"wp:term":[{"taxonomy":"product_cat","embeddable":true,"href":"https:\/\/ventspils.citro.lv\/ru\/wp-json\/wp\/v2\/product_cat?post=300051"},{"taxonomy":"product_tag","embeddable":true,"href":"https:\/\/ventspils.citro.lv\/ru\/wp-json\/wp\/v2\/product_tag?post=300051"}],"curies":[{"name":"wp","href":"https:\/\/api.w.org\/{rel}","templated":true}]}}