{"id":29734,"date":"2026-04-28T03:18:40","date_gmt":"2026-04-28T00:18:40","guid":{"rendered":"https:\/\/ventspils.citro.lv\/veikals\/kosl-konfekte-mamba-colafriends-4-paka-106g\/"},"modified":"2026-04-28T03:18:46","modified_gmt":"2026-04-28T00:18:46","slug":"kosl-konfekte-mamba-colafriends-4-paka-106g","status":"publish","type":"product","link":"https:\/\/ventspils.citro.lv\/ru\/veikals\/kosl-konfekte-mamba-colafriends-4-paka-106g\/","title":{"rendered":"Ko\u0161\u013c.konfekte Mamba Cola&#038;friends 4-paka 106g"},"content":{"rendered":"<p>Cukurs, glikozes s\u012brups, palmu tauki, mitrumuztur\u0113t\u0101js: sorb\u012bta s\u012brups, \u017eelat\u012bns, sk\u0101buma regul\u0113t\u0101js: citronsk\u0101be, karame\u013cu cukura s\u012brups, aromatiz\u0113t\u0101js, augu koncentr\u0101ti (melno burk\u0101nu, spirul\u012bnas, upe\u0146u, zeme\u0146u sula), kr\u0101sviela kurkuma ekstrakts.<\/p>\n","protected":false},"excerpt":{"rendered":"<p>15.00 \u20ac\/kg<\/p>\n","protected":false},"featured_media":1254291,"template":"","meta":{"_acf_changed":false,"inline_featured_image":false},"product_cat":[533,125],"product_tag":[],"acf":[],"aioseo_notices":[],"_links":{"self":[{"href":"https:\/\/ventspils.citro.lv\/ru\/wp-json\/wp\/v2\/product\/29734"}],"collection":[{"href":"https:\/\/ventspils.citro.lv\/ru\/wp-json\/wp\/v2\/product"}],"about":[{"href":"https:\/\/ventspils.citro.lv\/ru\/wp-json\/wp\/v2\/types\/product"}],"wp:featuredmedia":[{"embeddable":true,"href":"https:\/\/ventspils.citro.lv\/ru\/wp-json\/wp\/v2\/media\/1254291"}],"wp:attachment":[{"href":"https:\/\/ventspils.citro.lv\/ru\/wp-json\/wp\/v2\/media?parent=29734"}],"wp:term":[{"taxonomy":"product_cat","embeddable":true,"href":"https:\/\/ventspils.citro.lv\/ru\/wp-json\/wp\/v2\/product_cat?post=29734"},{"taxonomy":"product_tag","embeddable":true,"href":"https:\/\/ventspils.citro.lv\/ru\/wp-json\/wp\/v2\/product_tag?post=29734"}],"curies":[{"name":"wp","href":"https:\/\/api.w.org\/{rel}","templated":true}]}}