{"id":29714,"date":"2026-04-24T07:00:40","date_gmt":"2026-04-24T04:00:40","guid":{"rendered":"https:\/\/ventspils.citro.lv\/veikals\/konf-karba-sok-trifelu-kolekcija-16-ziedi-135g\/"},"modified":"2026-04-24T07:00:45","modified_gmt":"2026-04-24T04:00:45","slug":"konf-karba-sok-trifelu-kolekcija-16-ziedi-135g","status":"publish","type":"product","link":"https:\/\/ventspils.citro.lv\/ru\/veikals\/konf-karba-sok-trifelu-kolekcija-16-ziedi-135g\/","title":{"rendered":"Konf.k\u0101rba \u0160ok. trife\u013cu kolekcija 16 ziedi 135g"},"content":{"rendered":"","protected":false},"excerpt":{"rendered":"<p>51.78 \u20ac\/kg<\/p>\n","protected":false},"featured_media":1252178,"template":"","meta":{"_acf_changed":false,"inline_featured_image":false},"product_cat":[125,200],"product_tag":[],"acf":[],"aioseo_notices":[],"_links":{"self":[{"href":"https:\/\/ventspils.citro.lv\/ru\/wp-json\/wp\/v2\/product\/29714"}],"collection":[{"href":"https:\/\/ventspils.citro.lv\/ru\/wp-json\/wp\/v2\/product"}],"about":[{"href":"https:\/\/ventspils.citro.lv\/ru\/wp-json\/wp\/v2\/types\/product"}],"wp:featuredmedia":[{"embeddable":true,"href":"https:\/\/ventspils.citro.lv\/ru\/wp-json\/wp\/v2\/media\/1252178"}],"wp:attachment":[{"href":"https:\/\/ventspils.citro.lv\/ru\/wp-json\/wp\/v2\/media?parent=29714"}],"wp:term":[{"taxonomy":"product_cat","embeddable":true,"href":"https:\/\/ventspils.citro.lv\/ru\/wp-json\/wp\/v2\/product_cat?post=29714"},{"taxonomy":"product_tag","embeddable":true,"href":"https:\/\/ventspils.citro.lv\/ru\/wp-json\/wp\/v2\/product_tag?post=29714"}],"curies":[{"name":"wp","href":"https:\/\/api.w.org\/{rel}","templated":true}]}}