{"id":29673,"date":"2026-03-24T01:16:02","date_gmt":"2026-03-23T23:16:02","guid":{"rendered":"https:\/\/ventspils.citro.lv\/veikals\/kecups-originalais-500g\/"},"modified":"2026-04-15T13:40:17","modified_gmt":"2026-04-15T10:40:17","slug":"kecups-originalais-spilva-500g","status":"publish","type":"product","link":"https:\/\/ventspils.citro.lv\/ru\/veikals\/kecups-originalais-spilva-500g\/","title":{"rendered":"Ke\u010dups ori\u0123in\u0101lais Spilva 500g"},"content":{"rendered":"","protected":false},"excerpt":{"rendered":"<p>6.58 \u20ac\/kg<\/p>\n","protected":false},"featured_media":1231081,"template":"","meta":{"_acf_changed":false,"inline_featured_image":false},"product_cat":[116,148],"product_tag":[],"acf":[],"aioseo_notices":[],"_links":{"self":[{"href":"https:\/\/ventspils.citro.lv\/ru\/wp-json\/wp\/v2\/product\/29673"}],"collection":[{"href":"https:\/\/ventspils.citro.lv\/ru\/wp-json\/wp\/v2\/product"}],"about":[{"href":"https:\/\/ventspils.citro.lv\/ru\/wp-json\/wp\/v2\/types\/product"}],"wp:featuredmedia":[{"embeddable":true,"href":"https:\/\/ventspils.citro.lv\/ru\/wp-json\/wp\/v2\/media\/1231081"}],"wp:attachment":[{"href":"https:\/\/ventspils.citro.lv\/ru\/wp-json\/wp\/v2\/media?parent=29673"}],"wp:term":[{"taxonomy":"product_cat","embeddable":true,"href":"https:\/\/ventspils.citro.lv\/ru\/wp-json\/wp\/v2\/product_cat?post=29673"},{"taxonomy":"product_tag","embeddable":true,"href":"https:\/\/ventspils.citro.lv\/ru\/wp-json\/wp\/v2\/product_tag?post=29673"}],"curies":[{"name":"wp","href":"https:\/\/api.w.org\/{rel}","templated":true}]}}