{"id":29648,"date":"2026-05-14T01:42:59","date_gmt":"2026-05-13T22:42:59","guid":{"rendered":"https:\/\/ventspils.citro.lv\/veikals\/bretlinas-fileja-ella-vira-buca-150g\/"},"modified":"2026-05-14T01:43:05","modified_gmt":"2026-05-13T22:43:05","slug":"bretlinas-fileja-ella-vira-buca-150g","status":"publish","type":"product","link":"https:\/\/ventspils.citro.lv\/ru\/veikals\/bretlinas-fileja-ella-vira-buca-150g\/","title":{"rendered":"Br\u0113tli\u0146as fileja e\u013c\u013c\u0101 V\u012bra Bu\u010da 150g"},"content":{"rendered":"","protected":false},"excerpt":{"rendered":"<p>15.93 \u20ac\/kg<\/p>\n","protected":false},"featured_media":1260483,"template":"","meta":{"_acf_changed":false,"inline_featured_image":false},"product_cat":[545,135],"product_tag":[],"acf":[],"aioseo_notices":[],"_links":{"self":[{"href":"https:\/\/ventspils.citro.lv\/ru\/wp-json\/wp\/v2\/product\/29648"}],"collection":[{"href":"https:\/\/ventspils.citro.lv\/ru\/wp-json\/wp\/v2\/product"}],"about":[{"href":"https:\/\/ventspils.citro.lv\/ru\/wp-json\/wp\/v2\/types\/product"}],"wp:featuredmedia":[{"embeddable":true,"href":"https:\/\/ventspils.citro.lv\/ru\/wp-json\/wp\/v2\/media\/1260483"}],"wp:attachment":[{"href":"https:\/\/ventspils.citro.lv\/ru\/wp-json\/wp\/v2\/media?parent=29648"}],"wp:term":[{"taxonomy":"product_cat","embeddable":true,"href":"https:\/\/ventspils.citro.lv\/ru\/wp-json\/wp\/v2\/product_cat?post=29648"},{"taxonomy":"product_tag","embeddable":true,"href":"https:\/\/ventspils.citro.lv\/ru\/wp-json\/wp\/v2\/product_tag?post=29648"}],"curies":[{"name":"wp","href":"https:\/\/api.w.org\/{rel}","templated":true}]}}