{"id":293429,"date":"2026-04-24T09:03:45","date_gmt":"2026-04-24T06:03:45","guid":{"rendered":"https:\/\/ventspils.citro.lv\/veikals\/rieksti-adazu-pikantais-cili-140g\/"},"modified":"2026-04-24T09:03:48","modified_gmt":"2026-04-24T06:03:48","slug":"rieksti-adazu-pikantais-cili-140g","status":"publish","type":"product","link":"https:\/\/ventspils.citro.lv\/ru\/veikals\/rieksti-adazu-pikantais-cili-140g\/","title":{"rendered":"Rieksti \u0100da\u017eu pikantais \u010dili 140g"},"content":{"rendered":"","protected":false},"excerpt":{"rendered":"<p>14.21 \u20ac\/kg<\/p>\n","protected":false},"featured_media":1252728,"template":"","meta":{"_acf_changed":false,"inline_featured_image":false},"product_cat":[125,202],"product_tag":[],"acf":[],"aioseo_notices":[],"_links":{"self":[{"href":"https:\/\/ventspils.citro.lv\/ru\/wp-json\/wp\/v2\/product\/293429"}],"collection":[{"href":"https:\/\/ventspils.citro.lv\/ru\/wp-json\/wp\/v2\/product"}],"about":[{"href":"https:\/\/ventspils.citro.lv\/ru\/wp-json\/wp\/v2\/types\/product"}],"wp:featuredmedia":[{"embeddable":true,"href":"https:\/\/ventspils.citro.lv\/ru\/wp-json\/wp\/v2\/media\/1252728"}],"wp:attachment":[{"href":"https:\/\/ventspils.citro.lv\/ru\/wp-json\/wp\/v2\/media?parent=293429"}],"wp:term":[{"taxonomy":"product_cat","embeddable":true,"href":"https:\/\/ventspils.citro.lv\/ru\/wp-json\/wp\/v2\/product_cat?post=293429"},{"taxonomy":"product_tag","embeddable":true,"href":"https:\/\/ventspils.citro.lv\/ru\/wp-json\/wp\/v2\/product_tag?post=293429"}],"curies":[{"name":"wp","href":"https:\/\/api.w.org\/{rel}","templated":true}]}}