{"id":292261,"date":"2026-04-17T01:06:32","date_gmt":"2026-04-16T22:06:32","guid":{"rendered":"https:\/\/ventspils.citro.lv\/veikals\/teja-lipton-py-mandarinuapelsinuzala-20gb-36g\/"},"modified":"2026-04-17T01:06:38","modified_gmt":"2026-04-16T22:06:38","slug":"teja-lipton-py-mandarinuapelsinuzala-20gb-36g","status":"publish","type":"product","link":"https:\/\/ventspils.citro.lv\/ru\/veikals\/teja-lipton-py-mandarinuapelsinuzala-20gb-36g\/","title":{"rendered":"T\u0113ja Lipton Py mandar\u012bnu,apels\u012bnu,za\u013c\u0101 20gb 36g"},"content":{"rendered":"","protected":false},"excerpt":{"rendered":"<p>77.50 \u20ac\/kg<\/p>\n","protected":false},"featured_media":1246689,"template":"","meta":{"_acf_changed":false,"inline_featured_image":false},"product_cat":[142,143],"product_tag":[],"acf":[],"aioseo_notices":[],"_links":{"self":[{"href":"https:\/\/ventspils.citro.lv\/ru\/wp-json\/wp\/v2\/product\/292261"}],"collection":[{"href":"https:\/\/ventspils.citro.lv\/ru\/wp-json\/wp\/v2\/product"}],"about":[{"href":"https:\/\/ventspils.citro.lv\/ru\/wp-json\/wp\/v2\/types\/product"}],"wp:featuredmedia":[{"embeddable":true,"href":"https:\/\/ventspils.citro.lv\/ru\/wp-json\/wp\/v2\/media\/1246689"}],"wp:attachment":[{"href":"https:\/\/ventspils.citro.lv\/ru\/wp-json\/wp\/v2\/media?parent=292261"}],"wp:term":[{"taxonomy":"product_cat","embeddable":true,"href":"https:\/\/ventspils.citro.lv\/ru\/wp-json\/wp\/v2\/product_cat?post=292261"},{"taxonomy":"product_tag","embeddable":true,"href":"https:\/\/ventspils.citro.lv\/ru\/wp-json\/wp\/v2\/product_tag?post=292261"}],"curies":[{"name":"wp","href":"https:\/\/api.w.org\/{rel}","templated":true}]}}