{"id":28482,"date":"2026-04-24T07:54:34","date_gmt":"2026-04-24T04:54:34","guid":{"rendered":"https:\/\/ventspils.citro.lv\/veikals\/galerts-300g-2\/"},"modified":"2026-05-04T11:25:21","modified_gmt":"2026-05-04T08:25:21","slug":"auksta-gala-cukgalas-citro-300g","status":"publish","type":"product","link":"https:\/\/ventspils.citro.lv\/ru\/veikals\/auksta-gala-cukgalas-citro-300g\/","title":{"rendered":"Aukst\u0101 ga\u013ca c\u016bkga\u013cas Citro 300g"},"content":{"rendered":"<p>Sast\u0101vda\u013cas: \u016bdens, c\u016bkga\u013ca (52%), \u017eelat\u012bns, liellopu buljona pamats (s\u0101ls, maltodekstr\u012bns, gar\u0161as pastiprin\u0101t\u0101ji (monon\u0101trija glutam\u0101ts, din\u0101trija inozin\u0101ts, din\u0101trija guanil\u0101ts), aromatz\u0113t\u0101js (aromatiz\u0113t\u0101js, gar\u0161as pastiprin\u0101t\u0101ji monon\u0101trija glutam\u0101ts, din\u0101trija inozin\u0101ts, din\u0101trija guanil\u0101ts), kartupe\u013cu ciete, palmu tauki, karameles s\u012brups, pulverveida liellopu buljons (liellopa kauli) 2%, s\u012bpolu sulas koncentr\u0101ts\u00b9, gar\u0161vielas (kurkuma, lupst\u0101ja sakne, muskatrieksts), rauga ekstrakts, p\u0113ters\u012b\u013cu sak\u0146u pulveris, saulespu\u0137u e\u013c\u013ca), p\u0101rtikas s\u0101ls, p\u0113ters\u012b\u013ci kalt\u0113ti, melnie pipari. 100 g produkta satur : ener\u0123\u0113tisk\u0101 v\u0113rt\u012bba : 314 KJ\/75kcal,  tauki 5,9 g, tostarp pies\u0101tin\u0101t\u0101s tauksk\u0101bes 2,1 g, og\u013chidr\u0101ti 0,4 g, tostarp cukurs 0,1 g ,\u0161\u0137iedrvielas 0,1 g, olbaltumvielas 10,3 g, s\u0101ls 1 g. Uzglab\u0101\u0161anas apst\u0101k\u013ci : +2&#8230;+6 C. Izlietot l\u012bdz: skat\u012bt uz iepakojuma.  Ra\u017eot\u0101js: SIA &#171;Di\u0101na-bistro&#187;, Andreja -5, Ventspils.Latvija.<\/p>\n","protected":false},"excerpt":{"rendered":"<p>&nbsp;<\/p>\n","protected":false},"featured_media":1252426,"template":"","meta":{"_acf_changed":false,"inline_featured_image":false},"product_cat":[113,114],"product_tag":[],"acf":[],"aioseo_notices":[],"_links":{"self":[{"href":"https:\/\/ventspils.citro.lv\/ru\/wp-json\/wp\/v2\/product\/28482"}],"collection":[{"href":"https:\/\/ventspils.citro.lv\/ru\/wp-json\/wp\/v2\/product"}],"about":[{"href":"https:\/\/ventspils.citro.lv\/ru\/wp-json\/wp\/v2\/types\/product"}],"wp:featuredmedia":[{"embeddable":true,"href":"https:\/\/ventspils.citro.lv\/ru\/wp-json\/wp\/v2\/media\/1252426"}],"wp:attachment":[{"href":"https:\/\/ventspils.citro.lv\/ru\/wp-json\/wp\/v2\/media?parent=28482"}],"wp:term":[{"taxonomy":"product_cat","embeddable":true,"href":"https:\/\/ventspils.citro.lv\/ru\/wp-json\/wp\/v2\/product_cat?post=28482"},{"taxonomy":"product_tag","embeddable":true,"href":"https:\/\/ventspils.citro.lv\/ru\/wp-json\/wp\/v2\/product_tag?post=28482"}],"curies":[{"name":"wp","href":"https:\/\/api.w.org\/{rel}","templated":true}]}}