{"id":280379,"date":"2026-03-27T05:21:16","date_gmt":"2026-03-27T03:21:16","guid":{"rendered":"https:\/\/ventspils.citro.lv\/veikals\/matu-krasa-palette-n3-videji-bruns-100ml\/"},"modified":"2026-03-27T05:21:21","modified_gmt":"2026-03-27T03:21:21","slug":"matu-krasa-palette-n3-videji-bruns-100ml","status":"publish","type":"product","link":"https:\/\/ventspils.citro.lv\/ru\/veikals\/matu-krasa-palette-n3-videji-bruns-100ml\/","title":{"rendered":"Matu kr\u0101sa Palette N3 vid\u0113ji br\u016bns 100ml"},"content":{"rendered":"","protected":false},"excerpt":{"rendered":"<p>56.90 \u20ac\/l<\/p>\n","protected":false},"featured_media":1235355,"template":"","meta":{"_acf_changed":false,"inline_featured_image":false},"product_cat":[127,160],"product_tag":[],"acf":[],"aioseo_notices":[],"_links":{"self":[{"href":"https:\/\/ventspils.citro.lv\/ru\/wp-json\/wp\/v2\/product\/280379"}],"collection":[{"href":"https:\/\/ventspils.citro.lv\/ru\/wp-json\/wp\/v2\/product"}],"about":[{"href":"https:\/\/ventspils.citro.lv\/ru\/wp-json\/wp\/v2\/types\/product"}],"wp:featuredmedia":[{"embeddable":true,"href":"https:\/\/ventspils.citro.lv\/ru\/wp-json\/wp\/v2\/media\/1235355"}],"wp:attachment":[{"href":"https:\/\/ventspils.citro.lv\/ru\/wp-json\/wp\/v2\/media?parent=280379"}],"wp:term":[{"taxonomy":"product_cat","embeddable":true,"href":"https:\/\/ventspils.citro.lv\/ru\/wp-json\/wp\/v2\/product_cat?post=280379"},{"taxonomy":"product_tag","embeddable":true,"href":"https:\/\/ventspils.citro.lv\/ru\/wp-json\/wp\/v2\/product_tag?post=280379"}],"curies":[{"name":"wp","href":"https:\/\/api.w.org\/{rel}","templated":true}]}}