{"id":27922,"date":"2026-04-24T07:45:14","date_gmt":"2026-04-24T04:45:14","guid":{"rendered":"https:\/\/ventspils.citro.lv\/veikals\/cukgalas-krutina-a-k-skeles-150g\/"},"modified":"2026-04-24T07:45:18","modified_gmt":"2026-04-24T04:45:18","slug":"cukgalas-krutina-a-k-skeles-150g","status":"publish","type":"product","link":"https:\/\/ventspils.citro.lv\/ru\/veikals\/cukgalas-krutina-a-k-skeles-150g\/","title":{"rendered":"C\u016bkga\u013cas kr\u016bti\u0146a a\/k \u0161\u0137\u0113l\u0113s 150g"},"content":{"rendered":"","protected":false},"excerpt":{"rendered":"<p>21.27 \u20ac\/kg<\/p>\n","protected":false},"featured_media":1252373,"template":"","meta":{"_acf_changed":false,"inline_featured_image":false},"product_cat":[135,174],"product_tag":[],"acf":[],"aioseo_notices":[],"_links":{"self":[{"href":"https:\/\/ventspils.citro.lv\/ru\/wp-json\/wp\/v2\/product\/27922"}],"collection":[{"href":"https:\/\/ventspils.citro.lv\/ru\/wp-json\/wp\/v2\/product"}],"about":[{"href":"https:\/\/ventspils.citro.lv\/ru\/wp-json\/wp\/v2\/types\/product"}],"wp:featuredmedia":[{"embeddable":true,"href":"https:\/\/ventspils.citro.lv\/ru\/wp-json\/wp\/v2\/media\/1252373"}],"wp:attachment":[{"href":"https:\/\/ventspils.citro.lv\/ru\/wp-json\/wp\/v2\/media?parent=27922"}],"wp:term":[{"taxonomy":"product_cat","embeddable":true,"href":"https:\/\/ventspils.citro.lv\/ru\/wp-json\/wp\/v2\/product_cat?post=27922"},{"taxonomy":"product_tag","embeddable":true,"href":"https:\/\/ventspils.citro.lv\/ru\/wp-json\/wp\/v2\/product_tag?post=27922"}],"curies":[{"name":"wp","href":"https:\/\/api.w.org\/{rel}","templated":true}]}}