{"id":278484,"date":"2026-04-24T08:21:55","date_gmt":"2026-04-24T05:21:55","guid":{"rendered":"https:\/\/ventspils.citro.lv\/veikals\/pussparni-calu-lieliskie-lielpaka-1kg\/"},"modified":"2026-04-25T17:35:22","modified_gmt":"2026-04-25T14:35:22","slug":"pussparni-calu-lieliskie-lielpaka-1kg","status":"publish","type":"product","link":"https:\/\/ventspils.citro.lv\/ru\/veikals\/pussparni-calu-lieliskie-lielpaka-1kg\/","title":{"rendered":"Pussp\u0101rni c\u0101\u013cu Lieliskie lielpaka 1kg"},"content":{"rendered":"","protected":false},"excerpt":{"rendered":"<p>5.79 \u20ac\/kg<\/p>\n","protected":false},"featured_media":1252551,"template":"","meta":{"_acf_changed":false,"inline_featured_image":false},"product_cat":[135,182],"product_tag":[],"acf":[],"aioseo_notices":[],"_links":{"self":[{"href":"https:\/\/ventspils.citro.lv\/ru\/wp-json\/wp\/v2\/product\/278484"}],"collection":[{"href":"https:\/\/ventspils.citro.lv\/ru\/wp-json\/wp\/v2\/product"}],"about":[{"href":"https:\/\/ventspils.citro.lv\/ru\/wp-json\/wp\/v2\/types\/product"}],"wp:featuredmedia":[{"embeddable":true,"href":"https:\/\/ventspils.citro.lv\/ru\/wp-json\/wp\/v2\/media\/1252551"}],"wp:attachment":[{"href":"https:\/\/ventspils.citro.lv\/ru\/wp-json\/wp\/v2\/media?parent=278484"}],"wp:term":[{"taxonomy":"product_cat","embeddable":true,"href":"https:\/\/ventspils.citro.lv\/ru\/wp-json\/wp\/v2\/product_cat?post=278484"},{"taxonomy":"product_tag","embeddable":true,"href":"https:\/\/ventspils.citro.lv\/ru\/wp-json\/wp\/v2\/product_tag?post=278484"}],"curies":[{"name":"wp","href":"https:\/\/api.w.org\/{rel}","templated":true}]}}