{"id":278075,"date":"2026-05-12T06:57:03","date_gmt":"2026-05-12T03:57:03","guid":{"rendered":"https:\/\/ventspils.citro.lv\/veikals\/rieksti-adazu-meksikanu-salsa-140g\/"},"modified":"2026-05-12T06:57:07","modified_gmt":"2026-05-12T03:57:07","slug":"rieksti-adazu-meksikanu-salsa-140g","status":"publish","type":"product","link":"https:\/\/ventspils.citro.lv\/ru\/veikals\/rieksti-adazu-meksikanu-salsa-140g\/","title":{"rendered":"Rieksti \u0100da\u017eu meksik\u0101\u0146u salsa 140G"},"content":{"rendered":"","protected":false},"excerpt":{"rendered":"<p>21.36 \u20ac\/kg<\/p>\n","protected":false},"featured_media":1259534,"template":"","meta":{"_acf_changed":false,"inline_featured_image":false},"product_cat":[125,202],"product_tag":[],"acf":[],"aioseo_notices":[],"_links":{"self":[{"href":"https:\/\/ventspils.citro.lv\/ru\/wp-json\/wp\/v2\/product\/278075"}],"collection":[{"href":"https:\/\/ventspils.citro.lv\/ru\/wp-json\/wp\/v2\/product"}],"about":[{"href":"https:\/\/ventspils.citro.lv\/ru\/wp-json\/wp\/v2\/types\/product"}],"wp:featuredmedia":[{"embeddable":true,"href":"https:\/\/ventspils.citro.lv\/ru\/wp-json\/wp\/v2\/media\/1259534"}],"wp:attachment":[{"href":"https:\/\/ventspils.citro.lv\/ru\/wp-json\/wp\/v2\/media?parent=278075"}],"wp:term":[{"taxonomy":"product_cat","embeddable":true,"href":"https:\/\/ventspils.citro.lv\/ru\/wp-json\/wp\/v2\/product_cat?post=278075"},{"taxonomy":"product_tag","embeddable":true,"href":"https:\/\/ventspils.citro.lv\/ru\/wp-json\/wp\/v2\/product_tag?post=278075"}],"curies":[{"name":"wp","href":"https:\/\/api.w.org\/{rel}","templated":true}]}}