{"id":276989,"date":"2026-04-09T03:51:02","date_gmt":"2026-04-09T00:51:02","guid":{"rendered":"https:\/\/ventspils.citro.lv\/veikals\/mineraludens-mangali-1-dab-viegli-gaz-1-5l-2\/"},"modified":"2026-04-14T18:10:50","modified_gmt":"2026-04-14T15:10:50","slug":"mineraludens-mangali-1-dab-viegli-gaz-1-5l-2","status":"publish","type":"product","link":"https:\/\/ventspils.citro.lv\/ru\/veikals\/mineraludens-mangali-1-dab-viegli-gaz-1-5l-2\/","title":{"rendered":"Miner\u0101l\u016bdens Manga\u013ci 1 dab.,viegli g\u0101z. 1.5l"},"content":{"rendered":"","protected":false},"excerpt":{"rendered":"<p>0.39 \u20ac\/l<\/p>\n","protected":false},"featured_media":1242166,"template":"","meta":{"_acf_changed":false,"inline_featured_image":false},"product_cat":[106,186],"product_tag":[],"acf":[],"aioseo_notices":[],"_links":{"self":[{"href":"https:\/\/ventspils.citro.lv\/ru\/wp-json\/wp\/v2\/product\/276989"}],"collection":[{"href":"https:\/\/ventspils.citro.lv\/ru\/wp-json\/wp\/v2\/product"}],"about":[{"href":"https:\/\/ventspils.citro.lv\/ru\/wp-json\/wp\/v2\/types\/product"}],"wp:featuredmedia":[{"embeddable":true,"href":"https:\/\/ventspils.citro.lv\/ru\/wp-json\/wp\/v2\/media\/1242166"}],"wp:attachment":[{"href":"https:\/\/ventspils.citro.lv\/ru\/wp-json\/wp\/v2\/media?parent=276989"}],"wp:term":[{"taxonomy":"product_cat","embeddable":true,"href":"https:\/\/ventspils.citro.lv\/ru\/wp-json\/wp\/v2\/product_cat?post=276989"},{"taxonomy":"product_tag","embeddable":true,"href":"https:\/\/ventspils.citro.lv\/ru\/wp-json\/wp\/v2\/product_tag?post=276989"}],"curies":[{"name":"wp","href":"https:\/\/api.w.org\/{rel}","templated":true}]}}