{"id":275676,"date":"2026-04-23T06:33:37","date_gmt":"2026-04-23T03:33:37","guid":{"rendered":"https:\/\/ventspils.citro.lv\/veikals\/silkes-fileja-ella-matje-250-188g\/"},"modified":"2026-04-23T06:33:48","modified_gmt":"2026-04-23T03:33:48","slug":"silkes-fileja-ella-matje-250-188g","status":"publish","type":"product","link":"https:\/\/ventspils.citro.lv\/ru\/veikals\/silkes-fileja-ella-matje-250-188g\/","title":{"rendered":"Si\u013c\u0137es fileja e\u013c\u013c\u0101 Matje 250\/188g"},"content":{"rendered":"","protected":false},"excerpt":{"rendered":"<p>9.96 \u20ac\/kg<\/p>\n","protected":false},"featured_media":1249834,"template":"","meta":{"_acf_changed":false,"inline_featured_image":false},"product_cat":[545,135],"product_tag":[],"acf":[],"aioseo_notices":[],"_links":{"self":[{"href":"https:\/\/ventspils.citro.lv\/ru\/wp-json\/wp\/v2\/product\/275676"}],"collection":[{"href":"https:\/\/ventspils.citro.lv\/ru\/wp-json\/wp\/v2\/product"}],"about":[{"href":"https:\/\/ventspils.citro.lv\/ru\/wp-json\/wp\/v2\/types\/product"}],"wp:featuredmedia":[{"embeddable":true,"href":"https:\/\/ventspils.citro.lv\/ru\/wp-json\/wp\/v2\/media\/1249834"}],"wp:attachment":[{"href":"https:\/\/ventspils.citro.lv\/ru\/wp-json\/wp\/v2\/media?parent=275676"}],"wp:term":[{"taxonomy":"product_cat","embeddable":true,"href":"https:\/\/ventspils.citro.lv\/ru\/wp-json\/wp\/v2\/product_cat?post=275676"},{"taxonomy":"product_tag","embeddable":true,"href":"https:\/\/ventspils.citro.lv\/ru\/wp-json\/wp\/v2\/product_tag?post=275676"}],"curies":[{"name":"wp","href":"https:\/\/api.w.org\/{rel}","templated":true}]}}