{"id":275648,"date":"2026-04-09T02:45:14","date_gmt":"2026-04-08T23:45:14","guid":{"rendered":"https:\/\/ventspils.citro.lv\/veikals\/silkes-fileja-ella-kaija-480-312g\/"},"modified":"2026-04-09T02:45:18","modified_gmt":"2026-04-08T23:45:18","slug":"silkes-fileja-ella-kaija-480-312g","status":"publish","type":"product","link":"https:\/\/ventspils.citro.lv\/ru\/veikals\/silkes-fileja-ella-kaija-480-312g\/","title":{"rendered":"Si\u013c\u0137es fileja e\u013c\u013c\u0101 Kaija 480\/312g"},"content":{"rendered":"","protected":false},"excerpt":{"rendered":"<p>6.65 \u20ac\/kg<\/p>\n","protected":false},"featured_media":1241836,"template":"","meta":{"_acf_changed":false,"inline_featured_image":false},"product_cat":[545,135],"product_tag":[],"acf":[],"aioseo_notices":[],"_links":{"self":[{"href":"https:\/\/ventspils.citro.lv\/ru\/wp-json\/wp\/v2\/product\/275648"}],"collection":[{"href":"https:\/\/ventspils.citro.lv\/ru\/wp-json\/wp\/v2\/product"}],"about":[{"href":"https:\/\/ventspils.citro.lv\/ru\/wp-json\/wp\/v2\/types\/product"}],"wp:featuredmedia":[{"embeddable":true,"href":"https:\/\/ventspils.citro.lv\/ru\/wp-json\/wp\/v2\/media\/1241836"}],"wp:attachment":[{"href":"https:\/\/ventspils.citro.lv\/ru\/wp-json\/wp\/v2\/media?parent=275648"}],"wp:term":[{"taxonomy":"product_cat","embeddable":true,"href":"https:\/\/ventspils.citro.lv\/ru\/wp-json\/wp\/v2\/product_cat?post=275648"},{"taxonomy":"product_tag","embeddable":true,"href":"https:\/\/ventspils.citro.lv\/ru\/wp-json\/wp\/v2\/product_tag?post=275648"}],"curies":[{"name":"wp","href":"https:\/\/api.w.org\/{rel}","templated":true}]}}