{"id":275296,"date":"2026-03-17T07:24:51","date_gmt":"2026-03-17T05:24:51","guid":{"rendered":"https:\/\/ventspils.citro.lv\/veikals\/pica-ar-salami-pusfabrikats-400g\/"},"modified":"2026-04-08T17:08:54","modified_gmt":"2026-04-08T14:08:54","slug":"pica-ar-salami-citro-400g","status":"publish","type":"product","link":"https:\/\/ventspils.citro.lv\/ru\/veikals\/pica-ar-salami-citro-400g\/","title":{"rendered":"Pica ar sal\u0101mi Citro 400g"},"content":{"rendered":"<p>Sast\u0101vda\u013cas :rauga m\u012bkla (milti KVIE\u0160U,cukurs ,e\u013c\u013ca, raugs , p\u0101rtikas s\u0101ls),ke\u010dups (tom\u0101tu pasta, mod.katupe\u013cu ciete,  konservanti: E211,820,stabiliz\u0113t\u0101js:8412,tom\u0101tu aromatiz\u0113tajs), sal\u0101m\u012b desa,siera izstr\u0101d\u0101jums  (pasteriz\u0113ts PIENS,augu tauki(palmu)24%,konservants E252,siera ieraugs,p\u0101rtikas kr\u0101sviela-beta karot\u012bns), paprika,ol\u012bvas,puravs.100G produkta satur:  ener\u0123.v\u0113rt.1244 KJ\/296 kcal,tauki 15 g, tostarp pies\u0101t.tauks.5g, og\u013chidr\u0101ti 27g ,tostarp cukurs 4g, \u0161\u0137iedrviel.0,8 g, olbaltumvielas 13g, s\u0101ls 1,6g.  Pagatavo\u0161ana: iz\u0146emt picu no iepakojuma. Cept cepe\u0161kr\u0101sn\u012b pie temperat\u016bras +220  C ,aptuveni 6- 7 min\u016btes.<\/p>\n","protected":false},"excerpt":{"rendered":"<p>8.73 \u20ac\/kg<\/p>\n","protected":false},"featured_media":1227267,"template":"","meta":{"_acf_changed":false,"inline_featured_image":false},"product_cat":[109,110],"product_tag":[],"acf":[],"aioseo_notices":[],"_links":{"self":[{"href":"https:\/\/ventspils.citro.lv\/ru\/wp-json\/wp\/v2\/product\/275296"}],"collection":[{"href":"https:\/\/ventspils.citro.lv\/ru\/wp-json\/wp\/v2\/product"}],"about":[{"href":"https:\/\/ventspils.citro.lv\/ru\/wp-json\/wp\/v2\/types\/product"}],"wp:featuredmedia":[{"embeddable":true,"href":"https:\/\/ventspils.citro.lv\/ru\/wp-json\/wp\/v2\/media\/1227267"}],"wp:attachment":[{"href":"https:\/\/ventspils.citro.lv\/ru\/wp-json\/wp\/v2\/media?parent=275296"}],"wp:term":[{"taxonomy":"product_cat","embeddable":true,"href":"https:\/\/ventspils.citro.lv\/ru\/wp-json\/wp\/v2\/product_cat?post=275296"},{"taxonomy":"product_tag","embeddable":true,"href":"https:\/\/ventspils.citro.lv\/ru\/wp-json\/wp\/v2\/product_tag?post=275296"}],"curies":[{"name":"wp","href":"https:\/\/api.w.org\/{rel}","templated":true}]}}