{"id":275295,"date":"2026-01-18T01:12:56","date_gmt":"2026-01-17T23:12:56","guid":{"rendered":"https:\/\/ventspils.citro.lv\/veikals\/pica-ar-sieru-pusfabrikats-300g\/"},"modified":"2026-03-18T11:25:04","modified_gmt":"2026-03-18T09:25:04","slug":"pica-ar-sieru-citro-300g","status":"publish","type":"product","link":"https:\/\/ventspils.citro.lv\/ru\/veikals\/pica-ar-sieru-citro-300g\/","title":{"rendered":"Pica ar sieru Citro 300g"},"content":{"rendered":"<p>Sast\u0101vda\u013cas :rauga m\u012bkla (milti KVIE\u0160U ,cukurs,e\u013c\u013ca , raugs, p\u0101rtikas s\u0101ls),ke\u010dups ( tom\u0101tu pasta (18%), modific\u0113ta katupe\u013cu ciete, konservanti: E211,820,stabiliz\u0113t\u0101js:8412,tom\u0101tu aromatiz\u0113tajs) ,siera izstr\u0101d\u0101jums  (pasteriz\u0113ts PIENS,augu tauki(palmu)24%,konservants E252,siera ieraugs,p\u0101rtikas kr\u0101sviela-beta karot\u012bns),raudene.100G produkta satur:  ener\u0123\u0113tisk\u0101 v\u0113rt\u012bba 1367 KJ\/326 kcal,  tauki 14 g , tostarp pies\u0101tin\u0101t\u0101s tauksk\u0101bes 5 g, og\u013chidr\u0101ti 35 g ,tostarp cukurs 4,5 g \u0161\u0137iedrvielas 1g, olbaltumvielas 15 g, s\u0101ls 1,4g. Pagatavo\u0161ana: iz\u0146emt picu no iepakojuma.Cept cepe\u0161kr\u0101sn\u012b pie temperat\u016bras +220 C ,aptuveni 6- 7 min\u016btes.<\/p>\n","protected":false},"excerpt":{"rendered":"<p>7.30 \u20ac\/kg<\/p>\n","protected":false},"featured_media":1195733,"template":"","meta":{"_acf_changed":false,"inline_featured_image":false},"product_cat":[109,110],"product_tag":[],"acf":[],"aioseo_notices":[],"_links":{"self":[{"href":"https:\/\/ventspils.citro.lv\/ru\/wp-json\/wp\/v2\/product\/275295"}],"collection":[{"href":"https:\/\/ventspils.citro.lv\/ru\/wp-json\/wp\/v2\/product"}],"about":[{"href":"https:\/\/ventspils.citro.lv\/ru\/wp-json\/wp\/v2\/types\/product"}],"wp:featuredmedia":[{"embeddable":true,"href":"https:\/\/ventspils.citro.lv\/ru\/wp-json\/wp\/v2\/media\/1195733"}],"wp:attachment":[{"href":"https:\/\/ventspils.citro.lv\/ru\/wp-json\/wp\/v2\/media?parent=275295"}],"wp:term":[{"taxonomy":"product_cat","embeddable":true,"href":"https:\/\/ventspils.citro.lv\/ru\/wp-json\/wp\/v2\/product_cat?post=275295"},{"taxonomy":"product_tag","embeddable":true,"href":"https:\/\/ventspils.citro.lv\/ru\/wp-json\/wp\/v2\/product_tag?post=275295"}],"curies":[{"name":"wp","href":"https:\/\/api.w.org\/{rel}","templated":true}]}}