{"id":27378,"date":"2026-04-23T06:42:03","date_gmt":"2026-04-23T03:42:03","guid":{"rendered":"https:\/\/ventspils.citro.lv\/veikals\/kecups-originalais-spilva-1kg\/"},"modified":"2026-04-23T06:42:09","modified_gmt":"2026-04-23T03:42:09","slug":"kecups-originalais-spilva-1kg","status":"publish","type":"product","link":"https:\/\/ventspils.citro.lv\/ru\/veikals\/kecups-originalais-spilva-1kg\/","title":{"rendered":"Ke\u010dups ori\u0123in\u0101lais Spilva 1kg"},"content":{"rendered":"","protected":false},"excerpt":{"rendered":"<p>3.39 \u20ac\/kg<\/p>\n","protected":false},"featured_media":1249862,"template":"","meta":{"_acf_changed":false,"inline_featured_image":false},"product_cat":[116,148],"product_tag":[],"acf":[],"aioseo_notices":[],"_links":{"self":[{"href":"https:\/\/ventspils.citro.lv\/ru\/wp-json\/wp\/v2\/product\/27378"}],"collection":[{"href":"https:\/\/ventspils.citro.lv\/ru\/wp-json\/wp\/v2\/product"}],"about":[{"href":"https:\/\/ventspils.citro.lv\/ru\/wp-json\/wp\/v2\/types\/product"}],"wp:featuredmedia":[{"embeddable":true,"href":"https:\/\/ventspils.citro.lv\/ru\/wp-json\/wp\/v2\/media\/1249862"}],"wp:attachment":[{"href":"https:\/\/ventspils.citro.lv\/ru\/wp-json\/wp\/v2\/media?parent=27378"}],"wp:term":[{"taxonomy":"product_cat","embeddable":true,"href":"https:\/\/ventspils.citro.lv\/ru\/wp-json\/wp\/v2\/product_cat?post=27378"},{"taxonomy":"product_tag","embeddable":true,"href":"https:\/\/ventspils.citro.lv\/ru\/wp-json\/wp\/v2\/product_tag?post=27378"}],"curies":[{"name":"wp","href":"https:\/\/api.w.org\/{rel}","templated":true}]}}