{"id":27364,"date":"2026-04-28T02:42:27","date_gmt":"2026-04-27T23:42:27","guid":{"rendered":"https:\/\/ventspils.citro.lv\/veikals\/siers-holandes-cesvaines-skeles-120g\/"},"modified":"2026-04-28T02:42:39","modified_gmt":"2026-04-27T23:42:39","slug":"siers-holandes-cesvaines-skeles-120g","status":"publish","type":"product","link":"https:\/\/ventspils.citro.lv\/ru\/veikals\/siers-holandes-cesvaines-skeles-120g\/","title":{"rendered":"Siers Holandes Cesvaines \u0161\u0137\u0113l\u0113s 120g"},"content":{"rendered":"","protected":false},"excerpt":{"rendered":"<p>16.58 \u20ac\/kg<\/p>\n","protected":false},"featured_media":1254128,"template":"","meta":{"_acf_changed":false,"inline_featured_image":false},"product_cat":[95,224],"product_tag":[],"acf":[],"aioseo_notices":[],"_links":{"self":[{"href":"https:\/\/ventspils.citro.lv\/ru\/wp-json\/wp\/v2\/product\/27364"}],"collection":[{"href":"https:\/\/ventspils.citro.lv\/ru\/wp-json\/wp\/v2\/product"}],"about":[{"href":"https:\/\/ventspils.citro.lv\/ru\/wp-json\/wp\/v2\/types\/product"}],"wp:featuredmedia":[{"embeddable":true,"href":"https:\/\/ventspils.citro.lv\/ru\/wp-json\/wp\/v2\/media\/1254128"}],"wp:attachment":[{"href":"https:\/\/ventspils.citro.lv\/ru\/wp-json\/wp\/v2\/media?parent=27364"}],"wp:term":[{"taxonomy":"product_cat","embeddable":true,"href":"https:\/\/ventspils.citro.lv\/ru\/wp-json\/wp\/v2\/product_cat?post=27364"},{"taxonomy":"product_tag","embeddable":true,"href":"https:\/\/ventspils.citro.lv\/ru\/wp-json\/wp\/v2\/product_tag?post=27364"}],"curies":[{"name":"wp","href":"https:\/\/api.w.org\/{rel}","templated":true}]}}