{"id":27344,"date":"2026-04-10T04:57:17","date_gmt":"2026-04-10T01:57:17","guid":{"rendered":"https:\/\/ventspils.citro.lv\/veikals\/cisini-reali-485g\/"},"modified":"2026-04-10T04:57:22","modified_gmt":"2026-04-10T01:57:22","slug":"cisini-reali-485g","status":"publish","type":"product","link":"https:\/\/ventspils.citro.lv\/ru\/veikals\/cisini-reali-485g\/","title":{"rendered":"C\u012bsi\u0146i Re\u0101li 485g"},"content":{"rendered":"","protected":false},"excerpt":{"rendered":"<p>7.20 \u20ac\/kg<\/p>\n","protected":false},"featured_media":1242971,"template":"","meta":{"_acf_changed":false,"inline_featured_image":false},"product_cat":[135,192],"product_tag":[],"acf":[],"aioseo_notices":[],"_links":{"self":[{"href":"https:\/\/ventspils.citro.lv\/ru\/wp-json\/wp\/v2\/product\/27344"}],"collection":[{"href":"https:\/\/ventspils.citro.lv\/ru\/wp-json\/wp\/v2\/product"}],"about":[{"href":"https:\/\/ventspils.citro.lv\/ru\/wp-json\/wp\/v2\/types\/product"}],"wp:featuredmedia":[{"embeddable":true,"href":"https:\/\/ventspils.citro.lv\/ru\/wp-json\/wp\/v2\/media\/1242971"}],"wp:attachment":[{"href":"https:\/\/ventspils.citro.lv\/ru\/wp-json\/wp\/v2\/media?parent=27344"}],"wp:term":[{"taxonomy":"product_cat","embeddable":true,"href":"https:\/\/ventspils.citro.lv\/ru\/wp-json\/wp\/v2\/product_cat?post=27344"},{"taxonomy":"product_tag","embeddable":true,"href":"https:\/\/ventspils.citro.lv\/ru\/wp-json\/wp\/v2\/product_tag?post=27344"}],"curies":[{"name":"wp","href":"https:\/\/api.w.org\/{rel}","templated":true}]}}