{"id":27335,"date":"2026-03-27T05:09:41","date_gmt":"2026-03-27T03:09:41","guid":{"rendered":"https:\/\/ventspils.citro.lv\/veikals\/lasa-fileja-pikantaja-krema-170g-karavela\/"},"modified":"2026-03-27T05:09:51","modified_gmt":"2026-03-27T03:09:51","slug":"lasa-fileja-pikantaja-krema-170g-karavela","status":"publish","type":"product","link":"https:\/\/ventspils.citro.lv\/ru\/veikals\/lasa-fileja-pikantaja-krema-170g-karavela\/","title":{"rendered":"La\u0161a fileja pikantaj\u0101 kr\u0113m\u0101 170g Karavela"},"content":{"rendered":"","protected":false},"excerpt":{"rendered":"<p>17.35 \u20ac\/kg<\/p>\n","protected":false},"featured_media":1235319,"template":"","meta":{"_acf_changed":false,"inline_featured_image":false},"product_cat":[540,135],"product_tag":[],"acf":[],"aioseo_notices":[],"_links":{"self":[{"href":"https:\/\/ventspils.citro.lv\/ru\/wp-json\/wp\/v2\/product\/27335"}],"collection":[{"href":"https:\/\/ventspils.citro.lv\/ru\/wp-json\/wp\/v2\/product"}],"about":[{"href":"https:\/\/ventspils.citro.lv\/ru\/wp-json\/wp\/v2\/types\/product"}],"wp:featuredmedia":[{"embeddable":true,"href":"https:\/\/ventspils.citro.lv\/ru\/wp-json\/wp\/v2\/media\/1235319"}],"wp:attachment":[{"href":"https:\/\/ventspils.citro.lv\/ru\/wp-json\/wp\/v2\/media?parent=27335"}],"wp:term":[{"taxonomy":"product_cat","embeddable":true,"href":"https:\/\/ventspils.citro.lv\/ru\/wp-json\/wp\/v2\/product_cat?post=27335"},{"taxonomy":"product_tag","embeddable":true,"href":"https:\/\/ventspils.citro.lv\/ru\/wp-json\/wp\/v2\/product_tag?post=27335"}],"curies":[{"name":"wp","href":"https:\/\/api.w.org\/{rel}","templated":true}]}}