{"id":27261,"date":"2026-05-11T01:06:39","date_gmt":"2026-05-10T22:06:39","guid":{"rendered":"https:\/\/ventspils.citro.lv\/veikals\/cepumi-auzu-parslu-ar-dzervenem-200g\/"},"modified":"2026-05-11T01:06:53","modified_gmt":"2026-05-10T22:06:53","slug":"cepumi-auzu-parslu-ar-dzervenem-citro-200g","status":"publish","type":"product","link":"https:\/\/ventspils.citro.lv\/ru\/veikals\/cepumi-auzu-parslu-ar-dzervenem-citro-200g\/","title":{"rendered":"Cepumi auzu p\u0101rslu ar dz\u0113rven\u0113m Citro 200g"},"content":{"rendered":"<p>Sast\u0101vda\u013cas:AUZU p\u0101rslas 30%, margar\u012bns, cukurs, KVIE\u0160U MILTI, OLAS, balt\u0101 \u0161okol\u0101de, kalt\u0113tas dz\u0113rvenes 6%, cepamais pulveris, p\u0101rtikas s\u0101ls, vanil\u012bns. Uzglab\u0101t izstabas temperat\u016br\u0101.Ener\u0123.v\u0113rt\u012bba 2019kj\/482kcal, tauki 24g, pies\u0101tin\u0101t\u0101s tauksk\u0101bes 10g, og\u013chidr\u0101ti 55g, cukurs 26g, \u0161\u0137iedrvielas 5g, olbaltumvielas 8.8g, s\u0101ls 0.5g.Fas\u0113ts:A\/S Di\u0101na, Durbes iela 38\/40,VentspilsBistro<\/p>\n","protected":false},"excerpt":{"rendered":"<p>8.45 \u20ac\/kg<\/p>\n","protected":false},"featured_media":1258415,"template":"","meta":{"_acf_changed":false,"inline_featured_image":false},"product_cat":[125,139],"product_tag":[],"acf":[],"aioseo_notices":[],"_links":{"self":[{"href":"https:\/\/ventspils.citro.lv\/ru\/wp-json\/wp\/v2\/product\/27261"}],"collection":[{"href":"https:\/\/ventspils.citro.lv\/ru\/wp-json\/wp\/v2\/product"}],"about":[{"href":"https:\/\/ventspils.citro.lv\/ru\/wp-json\/wp\/v2\/types\/product"}],"wp:featuredmedia":[{"embeddable":true,"href":"https:\/\/ventspils.citro.lv\/ru\/wp-json\/wp\/v2\/media\/1258415"}],"wp:attachment":[{"href":"https:\/\/ventspils.citro.lv\/ru\/wp-json\/wp\/v2\/media?parent=27261"}],"wp:term":[{"taxonomy":"product_cat","embeddable":true,"href":"https:\/\/ventspils.citro.lv\/ru\/wp-json\/wp\/v2\/product_cat?post=27261"},{"taxonomy":"product_tag","embeddable":true,"href":"https:\/\/ventspils.citro.lv\/ru\/wp-json\/wp\/v2\/product_tag?post=27261"}],"curies":[{"name":"wp","href":"https:\/\/api.w.org\/{rel}","templated":true}]}}