{"id":27260,"date":"2026-03-06T01:30:45","date_gmt":"2026-03-05T23:30:45","guid":{"rendered":"https:\/\/ventspils.citro.lv\/veikals\/cepumi-auzu-parslu-mazie-200g\/"},"modified":"2026-03-06T01:31:02","modified_gmt":"2026-03-05T23:31:02","slug":"cepumi-auzu-parslu-citro-200g","status":"publish","type":"product","link":"https:\/\/ventspils.citro.lv\/ru\/veikals\/cepumi-auzu-parslu-citro-200g\/","title":{"rendered":"Cepumi auzu p\u0101rslu Citro 200g"},"content":{"rendered":"<p>Sast\u0101vs:Auzu p\u0101rslas;MARGAR\u012aNS,cukurs;OLAS. 100g produkta satur:ener\u0123.v\u0113rt\u012bba 2044kj\/489kcal, tauki 25g, pies\u0101tin\u0101t\u0101s tauksk\u0101bes 7g, og\u013chidr\u0101ti 52.5g,cukurs 21g, \u0161\u0137iedrvielas 6g,olbaltumvielas 9.9g,s\u0101ls 0.2g.Fas\u0113ts:A\/S Di\u0101na, Durbes iela 38\/40,Ventspils<\/p>\n","protected":false},"excerpt":{"rendered":"<p>8.45 \u20ac\/kg<\/p>\n","protected":false},"featured_media":1221954,"template":"","meta":{"_acf_changed":false,"inline_featured_image":false},"product_cat":[125,139],"product_tag":[],"acf":[],"aioseo_notices":[],"_links":{"self":[{"href":"https:\/\/ventspils.citro.lv\/ru\/wp-json\/wp\/v2\/product\/27260"}],"collection":[{"href":"https:\/\/ventspils.citro.lv\/ru\/wp-json\/wp\/v2\/product"}],"about":[{"href":"https:\/\/ventspils.citro.lv\/ru\/wp-json\/wp\/v2\/types\/product"}],"wp:featuredmedia":[{"embeddable":true,"href":"https:\/\/ventspils.citro.lv\/ru\/wp-json\/wp\/v2\/media\/1221954"}],"wp:attachment":[{"href":"https:\/\/ventspils.citro.lv\/ru\/wp-json\/wp\/v2\/media?parent=27260"}],"wp:term":[{"taxonomy":"product_cat","embeddable":true,"href":"https:\/\/ventspils.citro.lv\/ru\/wp-json\/wp\/v2\/product_cat?post=27260"},{"taxonomy":"product_tag","embeddable":true,"href":"https:\/\/ventspils.citro.lv\/ru\/wp-json\/wp\/v2\/product_tag?post=27260"}],"curies":[{"name":"wp","href":"https:\/\/api.w.org\/{rel}","templated":true}]}}