{"id":27258,"date":"2026-04-28T03:27:51","date_gmt":"2026-04-28T00:27:51","guid":{"rendered":"https:\/\/ventspils.citro.lv\/veikals\/siera-radzini-200g\/"},"modified":"2026-04-28T03:28:02","modified_gmt":"2026-04-28T00:28:02","slug":"siera-radzini-citro-200g","status":"publish","type":"product","link":"https:\/\/ventspils.citro.lv\/ru\/veikals\/siera-radzini-citro-200g\/","title":{"rendered":"Siera radzi\u0146i Citro 200g"},"content":{"rendered":"<p>Sast\u0101vs:KVIE\u0160U milti,siera izstr,augu tauki, PIENSK\u0100BES BAKT.,palmu e\u013c\u013ca, s\u0101ls, citronsk\u0101be, dab\u012bgie aromatiz\u0113t\u0101ji, OLU baltuma pulveris.Var satur\u0113t,zemesriekstu, sezema s\u0113klu da\u013ci\u0146as. Ener\u0123\u0113tiska un uzt\u016brv\u0113rt\u012bba 100g 437kcal\/1815,1kJ: tauki 33g, tostap pies\u0101tin\u0101tie 13g; og\u013chidr\u0101ti 24g, tostap cukurs 2g; \u0161\u0137iedrvielas 1g; olbaltumvielas 12g; s\u0101ls 1.2g.Fas\u0113ts:A\/S Di\u0101na, Durbes iela 38\/40,Ventspils<\/p>\n","protected":false},"excerpt":{"rendered":"<p>13.95 \u20ac\/kg<\/p>\n","protected":false},"featured_media":1254339,"template":"","meta":{"_acf_changed":false,"inline_featured_image":false},"product_cat":[125,139],"product_tag":[],"acf":[],"aioseo_notices":[],"_links":{"self":[{"href":"https:\/\/ventspils.citro.lv\/ru\/wp-json\/wp\/v2\/product\/27258"}],"collection":[{"href":"https:\/\/ventspils.citro.lv\/ru\/wp-json\/wp\/v2\/product"}],"about":[{"href":"https:\/\/ventspils.citro.lv\/ru\/wp-json\/wp\/v2\/types\/product"}],"wp:featuredmedia":[{"embeddable":true,"href":"https:\/\/ventspils.citro.lv\/ru\/wp-json\/wp\/v2\/media\/1254339"}],"wp:attachment":[{"href":"https:\/\/ventspils.citro.lv\/ru\/wp-json\/wp\/v2\/media?parent=27258"}],"wp:term":[{"taxonomy":"product_cat","embeddable":true,"href":"https:\/\/ventspils.citro.lv\/ru\/wp-json\/wp\/v2\/product_cat?post=27258"},{"taxonomy":"product_tag","embeddable":true,"href":"https:\/\/ventspils.citro.lv\/ru\/wp-json\/wp\/v2\/product_tag?post=27258"}],"curies":[{"name":"wp","href":"https:\/\/api.w.org\/{rel}","templated":true}]}}