{"id":269890,"date":"2026-04-03T01:18:16","date_gmt":"2026-04-02T22:18:16","guid":{"rendered":"https:\/\/ventspils.citro.lv\/veikals\/nudeles-a-p-sun-yan-ipasi-asa-garsa-cup-65g\/"},"modified":"2026-04-03T01:18:26","modified_gmt":"2026-04-02T22:18:26","slug":"nudeles-a-p-sun-yan-ipasi-asa-garsa-cup-65g","status":"publish","type":"product","link":"https:\/\/ventspils.citro.lv\/ru\/veikals\/nudeles-a-p-sun-yan-ipasi-asa-garsa-cup-65g\/","title":{"rendered":"N\u016bdeles \u0101\/p Sun Yan \u012bpa\u0161i asa gar\u0161a cup 65g"},"content":{"rendered":"","protected":false},"excerpt":{"rendered":"<p>21.38 \u20ac\/kg<\/p>\n","protected":false},"featured_media":1239460,"template":"","meta":{"_acf_changed":false,"inline_featured_image":false},"product_cat":[111,138],"product_tag":[],"acf":[],"aioseo_notices":[],"_links":{"self":[{"href":"https:\/\/ventspils.citro.lv\/ru\/wp-json\/wp\/v2\/product\/269890"}],"collection":[{"href":"https:\/\/ventspils.citro.lv\/ru\/wp-json\/wp\/v2\/product"}],"about":[{"href":"https:\/\/ventspils.citro.lv\/ru\/wp-json\/wp\/v2\/types\/product"}],"wp:featuredmedia":[{"embeddable":true,"href":"https:\/\/ventspils.citro.lv\/ru\/wp-json\/wp\/v2\/media\/1239460"}],"wp:attachment":[{"href":"https:\/\/ventspils.citro.lv\/ru\/wp-json\/wp\/v2\/media?parent=269890"}],"wp:term":[{"taxonomy":"product_cat","embeddable":true,"href":"https:\/\/ventspils.citro.lv\/ru\/wp-json\/wp\/v2\/product_cat?post=269890"},{"taxonomy":"product_tag","embeddable":true,"href":"https:\/\/ventspils.citro.lv\/ru\/wp-json\/wp\/v2\/product_tag?post=269890"}],"curies":[{"name":"wp","href":"https:\/\/api.w.org\/{rel}","templated":true}]}}