{"id":26945,"date":"2026-02-24T02:09:54","date_gmt":"2026-02-24T00:09:54","guid":{"rendered":"https:\/\/ventspils.citro.lv\/veikals\/konservi-sunim-tropi-ar-majputnu-galas-merci-0-415g\/"},"modified":"2026-02-24T02:10:07","modified_gmt":"2026-02-24T00:10:07","slug":"konservi-sunim-tropi-ar-majputnu-galas-merci-415g","status":"publish","type":"product","link":"https:\/\/ventspils.citro.lv\/ru\/veikals\/konservi-sunim-tropi-ar-majputnu-galas-merci-415g\/","title":{"rendered":"Konservi sunim Tropi ar m\u0101jputnu ga\u013cas m\u0113rci 415g"},"content":{"rendered":"","protected":false},"excerpt":{"rendered":"<p>2.63 \u20ac\/kg<\/p>\n","protected":false},"featured_media":1213408,"template":"","meta":{"_acf_changed":false,"inline_featured_image":false},"product_cat":[617,153],"product_tag":[],"acf":[],"aioseo_notices":[],"_links":{"self":[{"href":"https:\/\/ventspils.citro.lv\/ru\/wp-json\/wp\/v2\/product\/26945"}],"collection":[{"href":"https:\/\/ventspils.citro.lv\/ru\/wp-json\/wp\/v2\/product"}],"about":[{"href":"https:\/\/ventspils.citro.lv\/ru\/wp-json\/wp\/v2\/types\/product"}],"wp:featuredmedia":[{"embeddable":true,"href":"https:\/\/ventspils.citro.lv\/ru\/wp-json\/wp\/v2\/media\/1213408"}],"wp:attachment":[{"href":"https:\/\/ventspils.citro.lv\/ru\/wp-json\/wp\/v2\/media?parent=26945"}],"wp:term":[{"taxonomy":"product_cat","embeddable":true,"href":"https:\/\/ventspils.citro.lv\/ru\/wp-json\/wp\/v2\/product_cat?post=26945"},{"taxonomy":"product_tag","embeddable":true,"href":"https:\/\/ventspils.citro.lv\/ru\/wp-json\/wp\/v2\/product_tag?post=26945"}],"curies":[{"name":"wp","href":"https:\/\/api.w.org\/{rel}","templated":true}]}}