{"id":26900,"date":"2026-03-27T08:15:02","date_gmt":"2026-03-27T06:15:02","guid":{"rendered":"https:\/\/ventspils.citro.lv\/veikals\/saldejums-eskimos-lode-sokolades-plom-sok-gl-110ml-70g\/"},"modified":"2026-04-13T11:50:22","modified_gmt":"2026-04-13T08:50:22","slug":"saldejums-eskimos-lode-sokolades-plom-sok-gl-110ml-70g","status":"publish","type":"product","link":"https:\/\/ventspils.citro.lv\/ru\/veikals\/saldejums-eskimos-lode-sokolades-plom-sok-gl-110ml-70g\/","title":{"rendered":"Sald\u0113jums Eskimos lode \u0161okol\u0101des plom.\u0161ok.gl.110ml\/70g"},"content":{"rendered":"","protected":false},"excerpt":{"rendered":"<p>10.29 \u20ac\/kg<\/p>\n","protected":false},"featured_media":1236021,"template":"","meta":{"_acf_changed":false,"inline_featured_image":false},"product_cat":[233,555],"product_tag":[],"acf":[],"aioseo_notices":[],"_links":{"self":[{"href":"https:\/\/ventspils.citro.lv\/ru\/wp-json\/wp\/v2\/product\/26900"}],"collection":[{"href":"https:\/\/ventspils.citro.lv\/ru\/wp-json\/wp\/v2\/product"}],"about":[{"href":"https:\/\/ventspils.citro.lv\/ru\/wp-json\/wp\/v2\/types\/product"}],"wp:featuredmedia":[{"embeddable":true,"href":"https:\/\/ventspils.citro.lv\/ru\/wp-json\/wp\/v2\/media\/1236021"}],"wp:attachment":[{"href":"https:\/\/ventspils.citro.lv\/ru\/wp-json\/wp\/v2\/media?parent=26900"}],"wp:term":[{"taxonomy":"product_cat","embeddable":true,"href":"https:\/\/ventspils.citro.lv\/ru\/wp-json\/wp\/v2\/product_cat?post=26900"},{"taxonomy":"product_tag","embeddable":true,"href":"https:\/\/ventspils.citro.lv\/ru\/wp-json\/wp\/v2\/product_tag?post=26900"}],"curies":[{"name":"wp","href":"https:\/\/api.w.org\/{rel}","templated":true}]}}