{"id":26892,"date":"2026-04-08T04:27:27","date_gmt":"2026-04-08T01:27:27","guid":{"rendered":"https:\/\/ventspils.citro.lv\/veikals\/sokolade-poraina-balta-roshen-80g\/"},"modified":"2026-04-08T04:27:36","modified_gmt":"2026-04-08T01:27:36","slug":"sokolade-poraina-balta-roshen-80g","status":"publish","type":"product","link":"https:\/\/ventspils.citro.lv\/ru\/veikals\/sokolade-poraina-balta-roshen-80g\/","title":{"rendered":"\u0160okol\u0101de porain\u0101 balt\u0101 Roshen 80g"},"content":{"rendered":"","protected":false},"excerpt":{"rendered":"<p>28.63 \u20ac\/kg<\/p>\n","protected":false},"featured_media":1240892,"template":"","meta":{"_acf_changed":false,"inline_featured_image":false},"product_cat":[547,125],"product_tag":[],"acf":[],"aioseo_notices":[],"_links":{"self":[{"href":"https:\/\/ventspils.citro.lv\/ru\/wp-json\/wp\/v2\/product\/26892"}],"collection":[{"href":"https:\/\/ventspils.citro.lv\/ru\/wp-json\/wp\/v2\/product"}],"about":[{"href":"https:\/\/ventspils.citro.lv\/ru\/wp-json\/wp\/v2\/types\/product"}],"wp:featuredmedia":[{"embeddable":true,"href":"https:\/\/ventspils.citro.lv\/ru\/wp-json\/wp\/v2\/media\/1240892"}],"wp:attachment":[{"href":"https:\/\/ventspils.citro.lv\/ru\/wp-json\/wp\/v2\/media?parent=26892"}],"wp:term":[{"taxonomy":"product_cat","embeddable":true,"href":"https:\/\/ventspils.citro.lv\/ru\/wp-json\/wp\/v2\/product_cat?post=26892"},{"taxonomy":"product_tag","embeddable":true,"href":"https:\/\/ventspils.citro.lv\/ru\/wp-json\/wp\/v2\/product_tag?post=26892"}],"curies":[{"name":"wp","href":"https:\/\/api.w.org\/{rel}","templated":true}]}}