{"id":268894,"date":"2026-03-17T06:09:56","date_gmt":"2026-03-17T04:09:56","guid":{"rendered":"https:\/\/ventspils.citro.lv\/veikals\/zupa-maggi-tomatu-ar-nudelem-17g-2\/"},"modified":"2026-03-17T06:10:07","modified_gmt":"2026-03-17T04:10:07","slug":"zupa-maggi-tomatu-ar-nudelem-17g","status":"publish","type":"product","link":"https:\/\/ventspils.citro.lv\/ru\/veikals\/zupa-maggi-tomatu-ar-nudelem-17g\/","title":{"rendered":"Zupa Maggi tom\u0101tu ar n\u016bdel\u0113m 17g"},"content":{"rendered":"","protected":false},"excerpt":{"rendered":"<p>44.12 \u20ac\/kg<\/p>\n","protected":false},"featured_media":1226938,"template":"","meta":{"_acf_changed":false,"inline_featured_image":false},"product_cat":[111,138],"product_tag":[],"acf":[],"aioseo_notices":[],"_links":{"self":[{"href":"https:\/\/ventspils.citro.lv\/ru\/wp-json\/wp\/v2\/product\/268894"}],"collection":[{"href":"https:\/\/ventspils.citro.lv\/ru\/wp-json\/wp\/v2\/product"}],"about":[{"href":"https:\/\/ventspils.citro.lv\/ru\/wp-json\/wp\/v2\/types\/product"}],"wp:featuredmedia":[{"embeddable":true,"href":"https:\/\/ventspils.citro.lv\/ru\/wp-json\/wp\/v2\/media\/1226938"}],"wp:attachment":[{"href":"https:\/\/ventspils.citro.lv\/ru\/wp-json\/wp\/v2\/media?parent=268894"}],"wp:term":[{"taxonomy":"product_cat","embeddable":true,"href":"https:\/\/ventspils.citro.lv\/ru\/wp-json\/wp\/v2\/product_cat?post=268894"},{"taxonomy":"product_tag","embeddable":true,"href":"https:\/\/ventspils.citro.lv\/ru\/wp-json\/wp\/v2\/product_tag?post=268894"}],"curies":[{"name":"wp","href":"https:\/\/api.w.org\/{rel}","templated":true}]}}