{"id":26855,"date":"2026-03-25T05:33:15","date_gmt":"2026-03-25T03:33:15","guid":{"rendered":"https:\/\/ventspils.citro.lv\/veikals\/cuku-adinas-ar-sinepem-ossi-40g\/"},"modified":"2026-03-25T05:33:26","modified_gmt":"2026-03-25T03:33:26","slug":"cuku-adinas-ar-sinepem-ossi-40g","status":"publish","type":"product","link":"https:\/\/ventspils.citro.lv\/ru\/veikals\/cuku-adinas-ar-sinepem-ossi-40g\/","title":{"rendered":"C\u016bku \u0101di\u0146as ar sinep\u0113m Ossi 40g"},"content":{"rendered":"","protected":false},"excerpt":{"rendered":"<p>37.25 \u20ac\/kg<\/p>\n","protected":false},"featured_media":1231970,"template":"","meta":{"_acf_changed":false,"inline_featured_image":false},"product_cat":[228,125],"product_tag":[],"acf":[],"aioseo_notices":[],"_links":{"self":[{"href":"https:\/\/ventspils.citro.lv\/ru\/wp-json\/wp\/v2\/product\/26855"}],"collection":[{"href":"https:\/\/ventspils.citro.lv\/ru\/wp-json\/wp\/v2\/product"}],"about":[{"href":"https:\/\/ventspils.citro.lv\/ru\/wp-json\/wp\/v2\/types\/product"}],"wp:featuredmedia":[{"embeddable":true,"href":"https:\/\/ventspils.citro.lv\/ru\/wp-json\/wp\/v2\/media\/1231970"}],"wp:attachment":[{"href":"https:\/\/ventspils.citro.lv\/ru\/wp-json\/wp\/v2\/media?parent=26855"}],"wp:term":[{"taxonomy":"product_cat","embeddable":true,"href":"https:\/\/ventspils.citro.lv\/ru\/wp-json\/wp\/v2\/product_cat?post=26855"},{"taxonomy":"product_tag","embeddable":true,"href":"https:\/\/ventspils.citro.lv\/ru\/wp-json\/wp\/v2\/product_tag?post=26855"}],"curies":[{"name":"wp","href":"https:\/\/api.w.org\/{rel}","templated":true}]}}