{"id":26798,"date":"2026-03-27T07:42:02","date_gmt":"2026-03-27T05:42:02","guid":{"rendered":"https:\/\/ventspils.citro.lv\/veikals\/batonins-sok-tumsa-ar-pild-roshen-43g\/"},"modified":"2026-03-27T07:42:14","modified_gmt":"2026-03-27T05:42:14","slug":"batonins-sok-tumsa-ar-pild-roshen-43g","status":"publish","type":"product","link":"https:\/\/ventspils.citro.lv\/ru\/veikals\/batonins-sok-tumsa-ar-pild-roshen-43g\/","title":{"rendered":"Batoni\u0146\u0161 \u0161ok. tum\u0161\u0101 ar pild. Roshen 43g"},"content":{"rendered":"","protected":false},"excerpt":{"rendered":"<p>16.05 \u20ac\/kg<\/p>\n","protected":false},"featured_media":1235885,"template":"","meta":{"_acf_changed":false,"inline_featured_image":false},"product_cat":[556,125],"product_tag":[],"acf":[],"aioseo_notices":[],"_links":{"self":[{"href":"https:\/\/ventspils.citro.lv\/ru\/wp-json\/wp\/v2\/product\/26798"}],"collection":[{"href":"https:\/\/ventspils.citro.lv\/ru\/wp-json\/wp\/v2\/product"}],"about":[{"href":"https:\/\/ventspils.citro.lv\/ru\/wp-json\/wp\/v2\/types\/product"}],"wp:featuredmedia":[{"embeddable":true,"href":"https:\/\/ventspils.citro.lv\/ru\/wp-json\/wp\/v2\/media\/1235885"}],"wp:attachment":[{"href":"https:\/\/ventspils.citro.lv\/ru\/wp-json\/wp\/v2\/media?parent=26798"}],"wp:term":[{"taxonomy":"product_cat","embeddable":true,"href":"https:\/\/ventspils.citro.lv\/ru\/wp-json\/wp\/v2\/product_cat?post=26798"},{"taxonomy":"product_tag","embeddable":true,"href":"https:\/\/ventspils.citro.lv\/ru\/wp-json\/wp\/v2\/product_tag?post=26798"}],"curies":[{"name":"wp","href":"https:\/\/api.w.org\/{rel}","templated":true}]}}