{"id":26794,"date":"2026-04-28T03:09:53","date_gmt":"2026-04-28T00:09:53","guid":{"rendered":"https:\/\/ventspils.citro.lv\/veikals\/batonins-sok-piena-ar-krema-brule-pild-roshen-43g\/"},"modified":"2026-04-28T03:10:04","modified_gmt":"2026-04-28T00:10:04","slug":"batonins-sok-piena-ar-krema-brule-pild-roshen-43g","status":"publish","type":"product","link":"https:\/\/ventspils.citro.lv\/ru\/veikals\/batonins-sok-piena-ar-krema-brule-pild-roshen-43g\/","title":{"rendered":"Batoni\u0146\u0161 \u0161ok. piena ar kr\u0113ma brul\u0113 pild. Roshen 43g"},"content":{"rendered":"","protected":false},"excerpt":{"rendered":"<p>16.05 \u20ac\/kg<\/p>\n","protected":false},"featured_media":1254258,"template":"","meta":{"_acf_changed":false,"inline_featured_image":false},"product_cat":[556,125],"product_tag":[],"acf":[],"aioseo_notices":[],"_links":{"self":[{"href":"https:\/\/ventspils.citro.lv\/ru\/wp-json\/wp\/v2\/product\/26794"}],"collection":[{"href":"https:\/\/ventspils.citro.lv\/ru\/wp-json\/wp\/v2\/product"}],"about":[{"href":"https:\/\/ventspils.citro.lv\/ru\/wp-json\/wp\/v2\/types\/product"}],"wp:featuredmedia":[{"embeddable":true,"href":"https:\/\/ventspils.citro.lv\/ru\/wp-json\/wp\/v2\/media\/1254258"}],"wp:attachment":[{"href":"https:\/\/ventspils.citro.lv\/ru\/wp-json\/wp\/v2\/media?parent=26794"}],"wp:term":[{"taxonomy":"product_cat","embeddable":true,"href":"https:\/\/ventspils.citro.lv\/ru\/wp-json\/wp\/v2\/product_cat?post=26794"},{"taxonomy":"product_tag","embeddable":true,"href":"https:\/\/ventspils.citro.lv\/ru\/wp-json\/wp\/v2\/product_tag?post=26794"}],"curies":[{"name":"wp","href":"https:\/\/api.w.org\/{rel}","templated":true}]}}