{"id":26753,"date":"2026-04-07T01:15:51","date_gmt":"2026-04-06T22:15:51","guid":{"rendered":"https:\/\/ventspils.citro.lv\/veikals\/kuka-sokolades-vines-350g\/"},"modified":"2026-04-07T01:15:57","modified_gmt":"2026-04-06T22:15:57","slug":"kuka-sokolades-vines-350g","status":"publish","type":"product","link":"https:\/\/ventspils.citro.lv\/ru\/veikals\/kuka-sokolades-vines-350g\/","title":{"rendered":"K\u016bka \u0161okol\u0101des V\u012bnes 350g"},"content":{"rendered":"","protected":false},"excerpt":{"rendered":"<p>11.40 \u20ac\/kg<\/p>\n","protected":false},"featured_media":1240061,"template":"","meta":{"_acf_changed":false,"inline_featured_image":false},"product_cat":[109,220],"product_tag":[],"acf":[],"aioseo_notices":[],"_links":{"self":[{"href":"https:\/\/ventspils.citro.lv\/ru\/wp-json\/wp\/v2\/product\/26753"}],"collection":[{"href":"https:\/\/ventspils.citro.lv\/ru\/wp-json\/wp\/v2\/product"}],"about":[{"href":"https:\/\/ventspils.citro.lv\/ru\/wp-json\/wp\/v2\/types\/product"}],"wp:featuredmedia":[{"embeddable":true,"href":"https:\/\/ventspils.citro.lv\/ru\/wp-json\/wp\/v2\/media\/1240061"}],"wp:attachment":[{"href":"https:\/\/ventspils.citro.lv\/ru\/wp-json\/wp\/v2\/media?parent=26753"}],"wp:term":[{"taxonomy":"product_cat","embeddable":true,"href":"https:\/\/ventspils.citro.lv\/ru\/wp-json\/wp\/v2\/product_cat?post=26753"},{"taxonomy":"product_tag","embeddable":true,"href":"https:\/\/ventspils.citro.lv\/ru\/wp-json\/wp\/v2\/product_tag?post=26753"}],"curies":[{"name":"wp","href":"https:\/\/api.w.org\/{rel}","templated":true}]}}